{"id":13470,"date":"2017-11-26T07:56:01","date_gmt":"2017-11-26T06:56:01","guid":{"rendered":"https:\/\/www.europatrad.eu\/impressum\/"},"modified":"2026-04-10T16:30:26","modified_gmt":"2026-04-10T14:30:26","slug":"impressum","status":"publish","type":"page","link":"https:\/\/www.europatrad.eu\/de\/impressum\/","title":{"rendered":"Impressum"},"content":{"rendered":"\t\t<div data-elementor-type=\"wp-page\" data-elementor-id=\"13470\" class=\"elementor elementor-13470 elementor-12\" data-elementor-post-type=\"page\">\n\t\t\t\t<div class=\"elementor-element elementor-element-e22e7fd ban_inte  e-flex e-con-boxed e-con e-parent\" data-id=\"e22e7fd\" data-element_type=\"container\" data-e-type=\"container\">\n\t\t\t\t\t<div class=\"e-con-inner\">\n\t\t\t\t<div class=\"elementor-element elementor-element-7129e9a ban_titre elementor-widget elementor-widget-heading\" data-id=\"7129e9a\" data-element_type=\"widget\" data-e-type=\"widget\" data-widget_type=\"heading.default\">\n\t\t\t\t<div class=\"elementor-widget-container\">\n\t\t\t\t\t<h1 class=\"elementor-heading-title elementor-size-default\">Impressum<\/h1>\t\t\t\t<\/div>\n\t\t\t\t<\/div>\n\t\t\t\t\t<\/div>\n\t\t\t\t<\/div>\n\t\t<div class=\"elementor-element elementor-element-007cd44 e-flex e-con-boxed e-con e-parent\" data-id=\"007cd44\" data-element_type=\"container\" data-e-type=\"container\">\n\t\t\t\t\t<div class=\"e-con-inner\">\n\t\t\t\t<div class=\"elementor-element elementor-element-930053d titre_form elementor-widget elementor-widget-heading\" data-id=\"930053d\" data-element_type=\"widget\" data-e-type=\"widget\" data-widget_type=\"heading.default\">\n\t\t\t\t<div class=\"elementor-widget-container\">\n\t\t\t\t\t<h2 class=\"elementor-heading-title elementor-size-default\">Herausgeber der Website<\/h2>\t\t\t\t<\/div>\n\t\t\t\t<\/div>\n\t\t\t\t<div class=\"elementor-element elementor-element-ceae575 elementor-widget elementor-widget-text-editor\" data-id=\"ceae575\" data-element_type=\"widget\" data-e-type=\"widget\" data-widget_type=\"text-editor.default\">\n\t\t\t\t<div class=\"elementor-widget-container\">\n\t\t\t\t\t\t\t\t\t<p>Die Website europatrad.eu ist Eigentum des Unternehmens EuropaTrad.<\/p><p>SAS mit einem Stammkapital von 40.000 \u20ac.<\/p><p>Siret-Nummer: 440 733 236 00036<\/p><p>APE-Code: \u00dcbersetzen und Dolmetschen (7430Z)<\/p><p>Produktionsmanager Herr St\u00e9phane HUE, Vorsitzender.<\/p>\t\t\t\t\t\t\t\t<\/div>\n\t\t\t\t<\/div>\n\t\t\t\t\t<\/div>\n\t\t\t\t<\/div>\n\t\t<div class=\"elementor-element elementor-element-44d9f05 e-flex e-con-boxed e-con e-parent\" data-id=\"44d9f05\" data-element_type=\"container\" data-e-type=\"container\">\n\t\t\t\t\t<div class=\"e-con-inner\">\n\t\t\t\t<div class=\"elementor-element elementor-element-038bd07 titre_form elementor-widget elementor-widget-heading\" data-id=\"038bd07\" data-element_type=\"widget\" data-e-type=\"widget\" data-widget_type=\"heading.default\">\n\t\t\t\t<div class=\"elementor-widget-container\">\n\t\t\t\t\t<h2 class=\"elementor-heading-title elementor-size-default\">Adresse<\/h2>\t\t\t\t<\/div>\n\t\t\t\t<\/div>\n\t\t\t\t<div class=\"elementor-element elementor-element-e4b10b4 elementor-widget elementor-widget-text-editor\" data-id=\"e4b10b4\" data-element_type=\"widget\" data-e-type=\"widget\" data-widget_type=\"text-editor.default\">\n\t\t\t\t<div class=\"elementor-widget-container\">\n\t\t\t\t\t\t\t\t\t<p><strong>EuropaTrad<\/strong>, \u00dcbersetzungsb\u00fcro Lyon<\/p><p>33, Cours Albert Thomas<br\/>F-69003 Lyon &#8211; FRANKREICH<\/p><p><br\/>Tel.: Tel.: +33 (0)4 72 71 15 95<\/p>\t\t\t\t\t\t\t\t<\/div>\n\t\t\t\t<\/div>\n\t\t\t\t\t<\/div>\n\t\t\t\t<\/div>\n\t\t<div class=\"elementor-element elementor-element-9d9fdd8 e-flex e-con-boxed e-con e-parent\" data-id=\"9d9fdd8\" data-element_type=\"container\" data-e-type=\"container\">\n\t\t\t\t\t<div class=\"e-con-inner\">\n\t\t\t\t<div class=\"elementor-element elementor-element-ee63838 titre_form elementor-widget elementor-widget-heading\" data-id=\"ee63838\" data-element_type=\"widget\" data-e-type=\"widget\" data-widget_type=\"heading.default\">\n\t\t\t\t<div class=\"elementor-widget-container\">\n\t\t\t\t\t<h2 class=\"elementor-heading-title elementor-size-default\">Hosting der Website<\/h2>\t\t\t\t<\/div>\n\t\t\t\t<\/div>\n\t\t\t\t<div class=\"elementor-element elementor-element-47b9646 elementor-widget elementor-widget-text-editor\" data-id=\"47b9646\" data-element_type=\"widget\" data-e-type=\"widget\" data-widget_type=\"text-editor.default\">\n\t\t\t\t<div class=\"elementor-widget-container\">\n\t\t\t\t\t\t\t\t\t<p>Diese Website wird von o2switch gehostet.<\/p><p>Postanschrift :  <br\/>O2SWITCH 222-224 Boulevard Gustave Flaubert F-63000 Clermont-Ferrand<br\/>SARL o2switch mit einem Kapital von 7500\u20ac<br\/>Handelsregister: Clermont-Ferrand \u2013 SIRET: 510 909 80700016 \u2013 Umsatzsteuer-Identifikationsnummer: FR35510909807<br\/>Die Marke o2switch ist bei INPI unter der Nummer 09&nbsp;3&nbsp;645&nbsp;729 eingetragen.<\/p>\t\t\t\t\t\t\t\t<\/div>\n\t\t\t\t<\/div>\n\t\t\t\t\t<\/div>\n\t\t\t\t<\/div>\n\t\t<div class=\"elementor-element elementor-element-a07b11a e-flex e-con-boxed e-con e-parent\" data-id=\"a07b11a\" data-element_type=\"container\" data-e-type=\"container\">\n\t\t\t\t\t<div class=\"e-con-inner\">\n\t\t\t\t<div class=\"elementor-element elementor-element-826f708 titre_form elementor-widget elementor-widget-heading\" data-id=\"826f708\" data-element_type=\"widget\" data-e-type=\"widget\" data-widget_type=\"heading.default\">\n\t\t\t\t<div class=\"elementor-widget-container\">\n\t\t\t\t\t<h2 class=\"elementor-heading-title elementor-size-default\">Credits<\/h2>\t\t\t\t<\/div>\n\t\t\t\t<\/div>\n\t\t\t\t<div class=\"elementor-element elementor-element-3fa4d63 elementor-widget elementor-widget-text-editor\" data-id=\"3fa4d63\" data-element_type=\"widget\" data-e-type=\"widget\" data-widget_type=\"text-editor.default\">\n\t\t\t\t<div class=\"elementor-widget-container\">\n\t\t\t\t\t\t\t\t\t<p>Konzeption und Entwicklung: Gestaltung und Entwicklung: Mati\u00e8re 1\u00e8re &#8211; 22 rue Laure Diebold &#8211; F-69009 Lyon &#8211; Frankreich<\/p>\t\t\t\t\t\t\t\t<\/div>\n\t\t\t\t<\/div>\n\t\t\t\t\t<\/div>\n\t\t\t\t<\/div>\n\t\t<div class=\"elementor-element elementor-element-6b8de99 e-flex e-con-boxed e-con e-parent\" data-id=\"6b8de99\" data-element_type=\"container\" data-e-type=\"container\">\n\t\t\t\t\t<div class=\"e-con-inner\">\n\t\t\t\t<div class=\"elementor-element elementor-element-385bb92 titre_form elementor-widget elementor-widget-heading\" data-id=\"385bb92\" data-element_type=\"widget\" data-e-type=\"widget\" data-widget_type=\"heading.default\">\n\t\t\t\t<div class=\"elementor-widget-container\">\n\t\t\t\t\t<h2 class=\"elementor-heading-title elementor-size-default\">Gesetzliche Bestimmungen<\/h2>\t\t\t\t<\/div>\n\t\t\t\t<\/div>\n\t\t\t\t<div class=\"elementor-element elementor-element-a97005f elementor-widget elementor-widget-text-editor\" data-id=\"a97005f\" data-element_type=\"widget\" data-e-type=\"widget\" data-widget_type=\"text-editor.default\">\n\t\t\t\t<div class=\"elementor-widget-container\">\n\t\t\t\t\t\t\t\t\t<p>Die auf dieser Website und im weiteren Sinne auf den Domainnamen, die Eigentum des \u00dcbersetzungsb\u00fcros EuropaTrad sind, verbreiteten Informationen werden zu rein informativen Zwecken zur Verf\u00fcgung gestellt. EuropaTrad stellt diese Inhalte aus verschiedenen \u00fcbereinstimmenden Quellen zusammen und produziert sie. EuropaTrad haftet weder f\u00fcr die Richtigkeit und Relevanz der Inhalte noch f\u00fcr die Nutzung und Verwertung, die der Nutzer der Website daraus zieht.<\/p><p>Die vollst\u00e4ndige oder teilweise Vervielf\u00e4ltigung, \u00c4nderung, Ver\u00f6ffentlichung oder Kopie des auf den Domains von EuropaTrad dargestellten Inhalts durch jedwedes Verfahren und unabh\u00e4ngig vom Medium ist untersagt.<\/p>\t\t\t\t\t\t\t\t<\/div>\n\t\t\t\t<\/div>\n\t\t\t\t\t<\/div>\n\t\t\t\t<\/div>\n\t\t<div class=\"elementor-element elementor-element-04d8d0f e-flex e-con-boxed e-con e-parent\" data-id=\"04d8d0f\" data-element_type=\"container\" data-e-type=\"container\">\n\t\t\t\t\t<div class=\"e-con-inner\">\n\t\t\t\t<div class=\"elementor-element elementor-element-a73ab9a titre_form elementor-widget elementor-widget-heading\" data-id=\"a73ab9a\" data-element_type=\"widget\" data-e-type=\"widget\" data-widget_type=\"heading.default\">\n\t\t\t\t<div class=\"elementor-widget-container\">\n\t\t\t\t\t<h2 class=\"elementor-heading-title elementor-size-default\">Ausschluss der Garantie<\/h2>\t\t\t\t<\/div>\n\t\t\t\t<\/div>\n\t\t\t\t<div class=\"elementor-element elementor-element-f84440b elementor-widget elementor-widget-text-editor\" data-id=\"f84440b\" data-element_type=\"widget\" data-e-type=\"widget\" data-widget_type=\"text-editor.default\">\n\t\t\t\t<div class=\"elementor-widget-container\">\n\t\t\t\t\t\t\t\t\t<p>EuropaTrad bem\u00fcht sich nach besten Kr\u00e4ften, die Richtigkeit und Aktualit\u00e4t des Inhalts der Website zu gew\u00e4hrleisten. Dennoch \u00fcbernimmt EuropaTrad keine Haftung f\u00fcr die Informationen, die auf der oder \u00fcber die Website abgerufen werden k\u00f6nnen, insbesondere f\u00fcr den Inhalt, die Vollst\u00e4ndigkeit, die Genauigkeit oder die Zuverl\u00e4ssigkeit. EuropaTrad gibt keine wie auch immer geartete Garantie, weder ausdr\u00fccklich noch stillschweigend, insbesondere hinsichtlich der Unterbrechungs- oder Fehlerfreiheit des Dienstes oder der Leistungen oder Ergebnisse, die sich aus der Nutzung der Website ergeben. Die Informationen auf der Website k\u00f6nnen jederzeit ge\u00e4ndert werden. EuropaTrad kann nicht garantieren, dass die Informationen vollst\u00e4ndig, wahr oder aktuell sind.<\/p>\t\t\t\t\t\t\t\t<\/div>\n\t\t\t\t<\/div>\n\t\t\t\t\t<\/div>\n\t\t\t\t<\/div>\n\t\t<div class=\"elementor-element elementor-element-699c36b e-flex e-con-boxed e-con e-parent\" data-id=\"699c36b\" data-element_type=\"container\" data-e-type=\"container\">\n\t\t\t\t\t<div class=\"e-con-inner\">\n\t\t\t\t<div class=\"elementor-element elementor-element-5f6615b titre_form elementor-widget elementor-widget-heading\" data-id=\"5f6615b\" data-element_type=\"widget\" data-e-type=\"widget\" data-widget_type=\"heading.default\">\n\t\t\t\t<div class=\"elementor-widget-container\">\n\t\t\t\t\t<h2 class=\"elementor-heading-title elementor-size-default\">Ausschluss der Haftung<\/h2>\t\t\t\t<\/div>\n\t\t\t\t<\/div>\n\t\t\t\t<div class=\"elementor-element elementor-element-ab0e6b3 elementor-widget elementor-widget-text-editor\" data-id=\"ab0e6b3\" data-element_type=\"widget\" data-e-type=\"widget\" data-widget_type=\"text-editor.default\">\n\t\t\t\t<div class=\"elementor-widget-container\">\n\t\t\t\t\t\t\t\t\t<p>EuropaTrad haftet Ihnen oder Dritten gegen\u00fcber nicht f\u00fcr direkte, indirekte oder Folgesch\u00e4den, die sich aus der Nutzung der auf der Website enthaltenen Informationen und Materialien oder anderer Inhalte, auf die Sie \u00fcber Links von der Website aus zugreifen k\u00f6nnen, ergeben.<\/p><p>Die direkt oder indirekt verlinkten Websites stehen nicht unter der Kontrolle von EuropaTrad. Dementsprechend \u00fcbernimmt das \u00dcbersetzungsb\u00fcro EuropaTrad keine Verantwortung f\u00fcr die auf diesen Websites ver\u00f6ffentlichten Informationen. Links zu externen Websites werden nur als Annehmlichkeit zur Verf\u00fcgung gestellt und bedeuten keine B\u00fcrgschaft f\u00fcr deren Inhalt.<\/p>\t\t\t\t\t\t\t\t<\/div>\n\t\t\t\t<\/div>\n\t\t\t\t\t<\/div>\n\t\t\t\t<\/div>\n\t\t<div class=\"elementor-element elementor-element-d4c6f0f e-flex e-con-boxed e-con e-parent\" data-id=\"d4c6f0f\" data-element_type=\"container\" data-e-type=\"container\">\n\t\t\t\t\t<div class=\"e-con-inner\">\n\t\t\t\t<div class=\"elementor-element elementor-element-4830f25 titre_form elementor-widget elementor-widget-heading\" data-id=\"4830f25\" data-element_type=\"widget\" data-e-type=\"widget\" data-widget_type=\"heading.default\">\n\t\t\t\t<div class=\"elementor-widget-container\">\n\t\t\t\t\t<h2 class=\"elementor-heading-title elementor-size-default\">Datenschutz und Schutz personenbezogener Daten<\/h2>\t\t\t\t<\/div>\n\t\t\t\t<\/div>\n\t\t\t\t<div class=\"elementor-element elementor-element-56fe179 elementor-widget elementor-widget-text-editor\" data-id=\"56fe179\" data-element_type=\"widget\" data-e-type=\"widget\" data-widget_type=\"text-editor.default\">\n\t\t\t\t<div class=\"elementor-widget-container\">\n\t\t\t\t\t\t\t\t\t<p>EuropaTrad ist verantwortlich f\u00fcr die Verarbeitung der auf der Website europatrad.eu erhobenen Daten.<\/p><p>Die Bestimmungen zum Schutz personenbezogener Daten sind auf der Seite <a href=\"https:\/\/www.europatrad.eu\/de\/datenschutzrichtlinie\/\">Datenschutzrichtlinie<\/a> dargelegt.<\/p><p>Der Nutzer der Website europatrad.eu ist verpflichtet, die Bestimmungen des Gesetzes \u201eInformatique et Libert\u00e9s\u201c (Informatik und Freiheiten &#8211; franz\u00f6sisches Datenschutzgesetz) vom 6. Januar 1978 in der ge\u00e4nderten Fassung einzuhalten, dessen Verletzung strafrechtlich geahndet werden kann. Er muss insbesondere in Bezug auf die namentlichen Informationen, auf die er zugreift, jede Sammlung, jede zweckentfremdete Verwendung und generell jede Handlung unterlassen, die das Privatleben oder den Ruf von Personen beeintr\u00e4chtigen k\u00f6nnte.<\/p>\t\t\t\t\t\t\t\t<\/div>\n\t\t\t\t<\/div>\n\t\t\t\t\t<\/div>\n\t\t\t\t<\/div>\n\t\t<div class=\"elementor-element elementor-element-89f2cac e-flex e-con-boxed e-con e-parent\" data-id=\"89f2cac\" data-element_type=\"container\" data-e-type=\"container\">\n\t\t\t\t\t<div class=\"e-con-inner\">\n\t\t\t\t<div class=\"elementor-element elementor-element-7511948 titre_form elementor-widget elementor-widget-heading\" data-id=\"7511948\" data-element_type=\"widget\" data-e-type=\"widget\" data-widget_type=\"heading.default\">\n\t\t\t\t<div class=\"elementor-widget-container\">\n\t\t\t\t\t<h2 class=\"elementor-heading-title elementor-size-default\">Links von und zu den Inhalten dieser Website<\/h2>\t\t\t\t<\/div>\n\t\t\t\t<\/div>\n\t\t\t\t<div class=\"elementor-element elementor-element-3f95a78 elementor-widget elementor-widget-text-editor\" data-id=\"3f95a78\" data-element_type=\"widget\" data-e-type=\"widget\" data-widget_type=\"text-editor.default\">\n\t\t\t\t<div class=\"elementor-widget-container\">\n\t\t\t\t\t\t\t\t\t<p>Die Inhalte der Websites von EuropaTrad k\u00f6nnen Links zu anderen Websites oder anderen Internetinhalten enthalten, die nicht Eigentum von EuropaTrad sind. Folglich kann EuropaTrad nicht f\u00fcr diese Inhalte und die Funktionsweise dieser Websites (Cookies, Erhebung personenbezogener Daten usw.) verantwortlich gemacht werden.<\/p><p>Dar\u00fcber hinaus ist es m\u00f6glich, Links zu Inhalten zu erstellen, die von EuropaTrad zusammengestellt oder produziert wurden. Um diese Links zum Nutzen beider Websites zu optimieren, kann EuropaTrad dazu veranlasst werden, eine \u00c4nderung bei der Erstellung des Links (Keywords, URL usw.) zu verlangen.<\/p>\t\t\t\t\t\t\t\t<\/div>\n\t\t\t\t<\/div>\n\t\t\t\t\t<\/div>\n\t\t\t\t<\/div>\n\t\t<div class=\"elementor-element elementor-element-fa681ff e-flex e-con-boxed e-con e-parent\" data-id=\"fa681ff\" data-element_type=\"container\" data-e-type=\"container\">\n\t\t\t\t\t<div class=\"e-con-inner\">\n\t\t\t\t<div class=\"elementor-element elementor-element-98e7768 titre_form elementor-widget elementor-widget-heading\" data-id=\"98e7768\" data-element_type=\"widget\" data-e-type=\"widget\" data-widget_type=\"heading.default\">\n\t\t\t\t<div class=\"elementor-widget-container\">\n\t\t\t\t\t<h2 class=\"elementor-heading-title elementor-size-default\">Copyright<\/h2>\t\t\t\t<\/div>\n\t\t\t\t<\/div>\n\t\t\t\t<div class=\"elementor-element elementor-element-8af17bd elementor-widget elementor-widget-text-editor\" data-id=\"8af17bd\" data-element_type=\"widget\" data-e-type=\"widget\" data-widget_type=\"text-editor.default\">\n\t\t\t\t<div class=\"elementor-widget-container\">\n\t\t\t\t\t\t\t\t\t<p>Alle Rechte der Vervielf\u00e4ltigung und Verbreitung vorbehalten. \u00a9 EuropaTrad 2023.<\/p>\t\t\t\t\t\t\t\t<\/div>\n\t\t\t\t<\/div>\n\t\t\t\t\t<\/div>\n\t\t\t\t<\/div>\n\t\t\t\t<\/div>\n\t\t","protected":false},"excerpt":{"rendered":"<p>Impressum Herausgeber der Website Die Website europatrad.eu ist Eigentum des Unternehmens EuropaTrad. SAS mit einem Stammkapital von 40.000 \u20ac. Siret-Nummer: 440 733 236 00036 APE-Code: \u00dcbersetzen und Dolmetschen (7430Z) Produktionsmanager Herr St\u00e9phane HUE, Vorsitzender. Adresse EuropaTrad, \u00dcbersetzungsb\u00fcro Lyon 33, Cours Albert ThomasF-69003 Lyon &#8211; FRANKREICH Tel.: Tel.: +33 (0)4 72 71 15 95 Hosting der [&hellip;]<\/p>\n","protected":false},"author":11,"featured_media":0,"parent":0,"menu_order":0,"comment_status":"closed","ping_status":"closed","template":"","meta":{"_acf_changed":false,"inline_featured_image":false,"footnotes":""},"class_list":["post-13470","page","type-page","status-publish","hentry"],"acf":[],"yoast_head":"<!-- This site is optimized with the Yoast SEO plugin v27.3 - https:\/\/yoast.com\/product\/yoast-seo-wordpress\/ -->\n<title>Impressum - EuropaTrad<\/title>\n<meta name=\"robots\" content=\"noindex, follow\" \/>\n<meta property=\"og:locale\" content=\"de_DE\" \/>\n<meta property=\"og:type\" content=\"article\" \/>\n<meta property=\"og:title\" content=\"Impressum - EuropaTrad\" \/>\n<meta property=\"og:description\" content=\"Impressum Herausgeber der Website Die Website europatrad.eu ist Eigentum des Unternehmens EuropaTrad. SAS mit einem Stammkapital von 40.000 \u20ac. Siret-Nummer: 440 733 236 00036 APE-Code: \u00dcbersetzen und Dolmetschen (7430Z) Produktionsmanager Herr St\u00e9phane HUE, Vorsitzender. Adresse EuropaTrad, \u00dcbersetzungsb\u00fcro Lyon 33, Cours Albert ThomasF-69003 Lyon &#8211; FRANKREICH Tel.: Tel.: +33 (0)4 72 71 15 95 Hosting der [&hellip;]\" \/>\n<meta property=\"og:url\" content=\"https:\/\/www.europatrad.eu\/de\/impressum\/\" \/>\n<meta property=\"og:site_name\" content=\"EuropaTrad\" \/>\n<meta property=\"article:modified_time\" content=\"2026-04-10T14:30:26+00:00\" \/>\n<meta property=\"og:image\" content=\"https:\/\/www.europatrad.eu\/wp-content\/uploads\/2021\/05\/actublog5-hp.png\" \/>\n\t<meta property=\"og:image:width\" content=\"842\" \/>\n\t<meta property=\"og:image:height\" content=\"595\" \/>\n\t<meta property=\"og:image:type\" content=\"image\/png\" \/>\n<meta name=\"twitter:card\" content=\"summary_large_image\" \/>\n<meta name=\"twitter:label1\" content=\"Gesch\u00e4tzte Lesezeit\" \/>\n\t<meta name=\"twitter:data1\" content=\"3\u00a0Minuten\" \/>\n<!-- \/ Yoast SEO plugin. -->","yoast_head_json":{"title":"Impressum - EuropaTrad","robots":{"index":"noindex","follow":"follow"},"og_locale":"de_DE","og_type":"article","og_title":"Impressum - EuropaTrad","og_description":"Impressum Herausgeber der Website Die Website europatrad.eu ist Eigentum des Unternehmens EuropaTrad. SAS mit einem Stammkapital von 40.000 \u20ac. Siret-Nummer: 440 733 236 00036 APE-Code: \u00dcbersetzen und Dolmetschen (7430Z) Produktionsmanager Herr St\u00e9phane HUE, Vorsitzender. Adresse EuropaTrad, \u00dcbersetzungsb\u00fcro Lyon 33, Cours Albert ThomasF-69003 Lyon &#8211; FRANKREICH Tel.: Tel.: +33 (0)4 72 71 15 95 Hosting der [&hellip;]","og_url":"https:\/\/www.europatrad.eu\/de\/impressum\/","og_site_name":"EuropaTrad","article_modified_time":"2026-04-10T14:30:26+00:00","og_image":[{"width":842,"height":595,"url":"https:\/\/www.europatrad.eu\/wp-content\/uploads\/2021\/05\/actublog5-hp.png","type":"image\/png"}],"twitter_card":"summary_large_image","twitter_misc":{"Gesch\u00e4tzte Lesezeit":"3\u00a0Minuten"},"schema":{"@context":"https:\/\/schema.org","@graph":[{"@type":["Article","BlogPosting"],"@id":"https:\/\/www.europatrad.eu\/de\/impressum\/#article","isPartOf":{"@id":"https:\/\/www.europatrad.eu\/de\/impressum\/"},"author":{"name":"Admin Admin","@id":"https:\/\/www.europatrad.eu\/de\/#\/schema\/person\/7069bbe5f86a44de807c9826dccb05af"},"headline":"Impressum","datePublished":"2017-11-26T06:56:01+00:00","dateModified":"2026-04-10T14:30:26+00:00","mainEntityOfPage":{"@id":"https:\/\/www.europatrad.eu\/de\/impressum\/"},"wordCount":628,"publisher":{"@id":"https:\/\/www.europatrad.eu\/de\/#organization"},"inLanguage":"de"},{"@type":"WebPage","@id":"https:\/\/www.europatrad.eu\/de\/impressum\/","url":"https:\/\/www.europatrad.eu\/de\/impressum\/","name":"Impressum - EuropaTrad","isPartOf":{"@id":"https:\/\/www.europatrad.eu\/de\/#website"},"datePublished":"2017-11-26T06:56:01+00:00","dateModified":"2026-04-10T14:30:26+00:00","breadcrumb":{"@id":"https:\/\/www.europatrad.eu\/de\/impressum\/#breadcrumb"},"inLanguage":"de","potentialAction":[{"@type":"ReadAction","target":["https:\/\/www.europatrad.eu\/de\/impressum\/"]}]},{"@type":"BreadcrumbList","@id":"https:\/\/www.europatrad.eu\/de\/impressum\/#breadcrumb","itemListElement":[{"@type":"ListItem","position":1,"name":"Home","item":"https:\/\/www.europatrad.eu\/de\/"},{"@type":"ListItem","position":2,"name":"Impressum"}]},{"@type":"WebSite","@id":"https:\/\/www.europatrad.eu\/de\/#website","url":"https:\/\/www.europatrad.eu\/de\/","name":"EuropaTrad","description":"YOUR CONTENT. ALL LANGUAGES. ALL FORMATS.","publisher":{"@id":"https:\/\/www.europatrad.eu\/de\/#organization"},"potentialAction":[{"@type":"SearchAction","target":{"@type":"EntryPoint","urlTemplate":"https:\/\/www.europatrad.eu\/de\/?s={search_term_string}"},"query-input":{"@type":"PropertyValueSpecification","valueRequired":true,"valueName":"search_term_string"}}],"inLanguage":"de"},{"@type":"Organization","@id":"https:\/\/www.europatrad.eu\/de\/#organization","name":"EuropaTrad","url":"https:\/\/www.europatrad.eu\/de\/","logo":{"@type":"ImageObject","inLanguage":"de","@id":"https:\/\/www.europatrad.eu\/de\/#\/schema\/logo\/image\/","url":"https:\/\/www.europatrad.eu\/wp-content\/uploads\/2023\/03\/logoeuropatrad.svg","contentUrl":"https:\/\/www.europatrad.eu\/wp-content\/uploads\/2023\/03\/logoeuropatrad.svg","width":"1920","height":"1080","caption":"EuropaTrad"},"image":{"@id":"https:\/\/www.europatrad.eu\/de\/#\/schema\/logo\/image\/"},"sameAs":["https:\/\/www.linkedin.com\/company\/europatrad\/"]},{"@type":"Person","@id":"https:\/\/www.europatrad.eu\/de\/#\/schema\/person\/7069bbe5f86a44de807c9826dccb05af","name":"Admin Admin"}]}},"_links":{"self":[{"href":"https:\/\/www.europatrad.eu\/de\/wp-json\/wp\/v2\/pages\/13470","targetHints":{"allow":["GET"]}}],"collection":[{"href":"https:\/\/www.europatrad.eu\/de\/wp-json\/wp\/v2\/pages"}],"about":[{"href":"https:\/\/www.europatrad.eu\/de\/wp-json\/wp\/v2\/types\/page"}],"author":[{"embeddable":true,"href":"https:\/\/www.europatrad.eu\/de\/wp-json\/wp\/v2\/users\/11"}],"replies":[{"embeddable":true,"href":"https:\/\/www.europatrad.eu\/de\/wp-json\/wp\/v2\/comments?post=13470"}],"version-history":[{"count":2,"href":"https:\/\/www.europatrad.eu\/de\/wp-json\/wp\/v2\/pages\/13470\/revisions"}],"predecessor-version":[{"id":18865,"href":"https:\/\/www.europatrad.eu\/de\/wp-json\/wp\/v2\/pages\/13470\/revisions\/18865"}],"wp:attachment":[{"href":"https:\/\/www.europatrad.eu\/de\/wp-json\/wp\/v2\/media?parent=13470"}],"curies":[{"name":"wp","href":"https:\/\/api.w.org\/{rel}","templated":true}]}}