{"id":13479,"date":"2018-10-14T09:13:15","date_gmt":"2018-10-14T07:13:15","guid":{"rendered":"https:\/\/www.europatrad.eu\/sitemap\/"},"modified":"2026-04-10T16:30:28","modified_gmt":"2026-04-10T14:30:28","slug":"sitemap","status":"publish","type":"page","link":"https:\/\/www.europatrad.eu\/de\/sitemap\/","title":{"rendered":"Sitemap"},"content":{"rendered":"\t\t<div data-elementor-type=\"wp-page\" data-elementor-id=\"13479\" class=\"elementor elementor-13479 elementor-34\" data-elementor-post-type=\"page\">\n\t\t\t\t<div class=\"elementor-element elementor-element-fbccf40 ban_inte  e-flex e-con-boxed e-con e-parent\" data-id=\"fbccf40\" data-element_type=\"container\" data-e-type=\"container\">\n\t\t\t\t\t<div class=\"e-con-inner\">\n\t\t\t\t<div class=\"elementor-element elementor-element-e73f203 ban_titre elementor-widget elementor-widget-heading\" data-id=\"e73f203\" data-element_type=\"widget\" data-e-type=\"widget\" data-widget_type=\"heading.default\">\n\t\t\t\t<div class=\"elementor-widget-container\">\n\t\t\t\t\t<h1 class=\"elementor-heading-title elementor-size-default\">sitemap<\/h1>\t\t\t\t<\/div>\n\t\t\t\t<\/div>\n\t\t\t\t\t<\/div>\n\t\t\t\t<\/div>\n\t\t<div class=\"elementor-element elementor-element-f17b51f e-flex e-con-boxed e-con e-parent\" data-id=\"f17b51f\" data-element_type=\"container\" data-e-type=\"container\">\n\t\t\t\t\t<div class=\"e-con-inner\">\n\t\t\t\t<div class=\"elementor-element elementor-element-962f309 elementor-headline--style-rotate elementor-widget elementor-widget-animated-headline\" data-id=\"962f309\" data-element_type=\"widget\" data-e-type=\"widget\" data-settings=\"{&quot;headline_style&quot;:&quot;rotate&quot;,&quot;animation_type&quot;:&quot;clip&quot;,&quot;rotating_text&quot;:&quot;Ihre Seite\\nIhren Artikel\\nIhre Kategorie\\nIhr Gl\\u00fcck&quot;,&quot;loop&quot;:&quot;yes&quot;,&quot;rotate_iteration_delay&quot;:2500}\" data-widget_type=\"animated-headline.default\">\n\t\t\t\t<div class=\"elementor-widget-container\">\n\t\t\t\t\t\t\t<div class=\"elementor-headline elementor-headline-animation-type-clip\">\n\t\t\t\t\t<span class=\"elementor-headline-plain-text elementor-headline-text-wrapper\">Hier finden Sie<\/span>\n\t\t\t\t<span class=\"elementor-headline-dynamic-wrapper elementor-headline-text-wrapper\">\n\t\t\t\t\t<span class=\"elementor-headline-dynamic-text elementor-headline-text-active\">\n\t\t\t\tIhre&nbsp;Seite\t\t\t<\/span>\n\t\t\t\t\t<span class=\"elementor-headline-dynamic-text\">\n\t\t\t\tIhren&nbsp;Artikel\t\t\t<\/span>\n\t\t\t\t\t<span class=\"elementor-headline-dynamic-text\">\n\t\t\t\tIhre&nbsp;Kategorie\t\t\t<\/span>\n\t\t\t\t\t<span class=\"elementor-headline-dynamic-text\">\n\t\t\t\tIhr&nbsp;Gl\u00fcck\t\t\t<\/span>\n\t\t\t\t\t\t<\/span>\n\t\t\t\t<\/div>\n\t\t\t\t\t\t<\/div>\n\t\t\t\t<\/div>\n\t\t\t\t\t<\/div>\n\t\t\t\t<\/div>\n\t\t<div class=\"elementor-element elementor-element-d36318a e-flex e-con-boxed e-con e-parent\" data-id=\"d36318a\" data-element_type=\"container\" data-e-type=\"container\">\n\t\t\t\t\t<div class=\"e-con-inner\">\n\t\t\t\t<div class=\"elementor-element elementor-element-f225e0b elementor-widget elementor-widget-sitemap\" data-id=\"f225e0b\" data-element_type=\"widget\" data-e-type=\"widget\" id=\"plan_du_site\" data-widget_type=\"sitemap.default\">\n\t\t\t\t<div class=\"elementor-widget-container\">\n\t\t\t\t\t<div class=\"elementor-sitemap-wrap\"><div class=\"elementor-sitemap-section\"><h2 class=\"elementor-sitemap-title elementor-sitemap-page-title\">Ihre Seite<\/h2><ul class=\"elementor-sitemap-list elementor-sitemap-page-list\"><li class=\"elementor-sitemap-item elementor-sitemap-item-page page_item page-item-18690\"><a href=\"https:\/\/www.europatrad.eu\/de\/angebot-einholen\/\">Angebot einholen<\/a><\/li><li class=\"elementor-sitemap-item elementor-sitemap-item-page page_item page-item-17377\"><a href=\"https:\/\/www.europatrad.eu\/de\/\">Home v2<\/a><\/li><li class=\"elementor-sitemap-item elementor-sitemap-item-page page_item page-item-18703\"><a href=\"https:\/\/www.europatrad.eu\/de\/ressourcen\/kundenbeispiele\/integrierte-mehrsprachige-loesungen-fuer-den-internationalen-einzelhandel\/\">Integrierte mehrsprachige L\u00f6sungen f\u00fcr den internationalen Einzelhandel<\/a><\/li><li class=\"elementor-sitemap-item elementor-sitemap-item-page page_item page-item-18642\"><a href=\"https:\/\/www.europatrad.eu\/de\/ressourcen\/kundenbeispiele\/von-der-uebersetzung-von-benutzeroberflaechen-bis-hin-zur-integrierten-mehrsprachigkeitsstrategie\/\">Von der \u00dcbersetzung von Benutzeroberfl\u00e4chen bis hin zur integrierten Mehrsprachigkeitsstrategie<\/a><\/li><li class=\"elementor-sitemap-item elementor-sitemap-item-page page_item page-item-18655\"><a href=\"https:\/\/www.europatrad.eu\/de\/ressourcen\/kundenbeispiele\/\">Kundenbeispiele<\/a><\/li><li class=\"elementor-sitemap-item elementor-sitemap-item-page page_item page-item-18685\"><a href=\"https:\/\/www.europatrad.eu\/de\/ressourcen\/\">Ressourcen<\/a><\/li><li class=\"elementor-sitemap-item elementor-sitemap-item-page page_item page-item-18704\"><a href=\"https:\/\/www.europatrad.eu\/de\/ressourcen\/fertigmodelle-und-bausaetze\/\">Fertigmodelle und Baus\u00e4tze<\/a><\/li><li class=\"elementor-sitemap-item elementor-sitemap-item-page page_item page-item-13062\"><a href=\"https:\/\/www.europatrad.eu\/de\/video-lokalisierungsloesungen\/untertitelung-und-transkription\/\">Untertitelung und Transkription<\/a><\/li><li class=\"elementor-sitemap-item elementor-sitemap-item-page page_item page-item-13122\"><a href=\"https:\/\/www.europatrad.eu\/de\/website-angebot\/\">Website-Angebot<\/a><\/li><li class=\"elementor-sitemap-item elementor-sitemap-item-page page_item page-item-18718\"><a href=\"https:\/\/www.europatrad.eu\/de\/seite-danksagung-vorlagen\/\">Seite \u201eDanksagung\u201c \u2013 Vorlagen<\/a><\/li><li class=\"elementor-sitemap-item elementor-sitemap-item-page page_item page-item-13625\"><a href=\"https:\/\/www.europatrad.eu\/de\/allgemeine-einkaufsbedingungen\/\">Allgemeine Einkaufsbedingungen<\/a><\/li><li class=\"elementor-sitemap-item elementor-sitemap-item-page page_item page-item-13622\"><a href=\"https:\/\/www.europatrad.eu\/de\/allgemeine-hinweise-fuer-dienstleister\/\">Allgemeine Hinweise f\u00fcr Dienstleister<\/a><\/li><li class=\"elementor-sitemap-item elementor-sitemap-item-page page_item page-item-13614\"><a href=\"https:\/\/www.europatrad.eu\/de\/bewerbung-als-uebersetzer\/\">Bewerbung als \u00dcbersetzer<\/a><\/li><li class=\"elementor-sitemap-item elementor-sitemap-item-page page_item page-item-13578\"><a href=\"https:\/\/www.europatrad.eu\/de\/allgemeine-geschaeftsbedingungen\/\">Allgemeine Gesch\u00e4ftsbedingungen<\/a><\/li><li class=\"elementor-sitemap-item elementor-sitemap-item-page page_item page-item-13115\"><a href=\"https:\/\/www.europatrad.eu\/de\/vereinfachen-sie-die-uebersetzung-ihrer-websites-mit-wpml-und-europatrad\/\">Vereinfachen Sie die \u00dcbersetzung Ihrer Websites mit WPML und EuropaTrad<\/a><\/li><li class=\"elementor-sitemap-item elementor-sitemap-item-page page_item page-item-13125\"><a href=\"https:\/\/www.europatrad.eu\/de\/datenschutzrichtlinie\/\">Datenschutzrichtlinie<\/a><\/li><li class=\"elementor-sitemap-item elementor-sitemap-item-page page_item page-item-13106\"><a href=\"https:\/\/www.europatrad.eu\/de\/untertitelungsangebot-synchronisation\/\">Untertitelungsangebot &#8211; Synchronisation<\/a><\/li><li class=\"elementor-sitemap-item elementor-sitemap-item-page page_item page-item-13107\"><a href=\"https:\/\/www.europatrad.eu\/de\/video-lokalisierungsloesungen\/\">Video-Lokalisierungsl\u00f6sungen<\/a><\/li><li class=\"elementor-sitemap-item elementor-sitemap-item-page page_item page-item-13099\"><a href=\"https:\/\/www.europatrad.eu\/de\/video-lokalisierungsloesungen\/synchronisation-mit-kuenstlicher-stimme\/\">Synchronisation mit k\u00fcnstlicher Stimme<\/a><\/li><li class=\"elementor-sitemap-item elementor-sitemap-item-page page_item page-item-13086\"><a href=\"https:\/\/www.europatrad.eu\/de\/dolmetschangebot\/\">Dolmetschangebot<\/a><\/li><li class=\"elementor-sitemap-item elementor-sitemap-item-page page_item page-item-13073\"><a href=\"https:\/\/www.europatrad.eu\/de\/uebersetzungsangebot\/\">\u00dcbersetzungsangebot<\/a><\/li><li class=\"elementor-sitemap-item elementor-sitemap-item-page page_item page-item-13102\"><a href=\"https:\/\/www.europatrad.eu\/de\/uebersetzungsloesungen\/\">\u00dcbersetzungsl\u00f6sungen<\/a><\/li><li class=\"elementor-sitemap-item elementor-sitemap-item-page page_item page-item-13066\"><a href=\"https:\/\/www.europatrad.eu\/de\/home\/\">Home<\/a><\/li><li class=\"elementor-sitemap-item elementor-sitemap-item-page page_item page-item-13037\"><a href=\"https:\/\/www.europatrad.eu\/de\/dolmetschdienst\/\">Dolmetschdienst<\/a><\/li><li class=\"elementor-sitemap-item elementor-sitemap-item-page page_item page-item-13579\"><a href=\"https:\/\/www.europatrad.eu\/de\/softwarelokalisierung\/\">Softwarelokalisierung<\/a><\/li><li class=\"elementor-sitemap-item elementor-sitemap-item-page page_item page-item-13029\"><a href=\"https:\/\/www.europatrad.eu\/de\/tarife-und-fristen\/\">Tarife und Fristen<\/a><\/li><li class=\"elementor-sitemap-item elementor-sitemap-item-page page_item page-item-13100\"><a href=\"https:\/\/www.europatrad.eu\/de\/warum-uns-waehlen\/\">Warum uns w\u00e4hlen?<\/a><\/li><li class=\"elementor-sitemap-item elementor-sitemap-item-page page_item page-item-13076\"><a href=\"https:\/\/www.europatrad.eu\/de\/ueber-uns\/\">\u00dcber uns<\/a><\/li><li class=\"elementor-sitemap-item elementor-sitemap-item-page page_item page-item-13568\"><a href=\"https:\/\/www.europatrad.eu\/de\/andere-sprachen\/\">Andere Sprachen<\/a><\/li><li class=\"elementor-sitemap-item elementor-sitemap-item-page page_item page-item-13560\"><a href=\"https:\/\/www.europatrad.eu\/de\/nordische-sprachen\/\">Nordische Sprachen<\/a><\/li><li class=\"elementor-sitemap-item elementor-sitemap-item-page page_item page-item-13608\"><a href=\"https:\/\/www.europatrad.eu\/de\/asiatische-sprachen\/\">Asiatische Sprachen<\/a><\/li><li class=\"elementor-sitemap-item elementor-sitemap-item-page page_item page-item-13587\"><a href=\"https:\/\/www.europatrad.eu\/de\/romanische-sprachen\/\">Romanische Sprachen<\/a><\/li><li class=\"elementor-sitemap-item elementor-sitemap-item-page page_item page-item-13569\"><a href=\"https:\/\/www.europatrad.eu\/de\/osteuropaeische-sprachen\/\">Osteurop\u00e4ische Sprachen<\/a><\/li><li class=\"elementor-sitemap-item elementor-sitemap-item-page page_item page-item-13561\"><a href=\"https:\/\/www.europatrad.eu\/de\/germanische-sprachen\/\">Germanische Sprachen<\/a><\/li><li class=\"elementor-sitemap-item elementor-sitemap-item-page page_item page-item-13046\"><a href=\"https:\/\/www.europatrad.eu\/de\/video-lokalisierungsloesungen\/synchronisation-mit-menschlicher-stimme\/\">Synchronisation mit menschlicher Stimme<\/a><\/li><li class=\"elementor-sitemap-item elementor-sitemap-item-page page_item page-item-13548\"><a href=\"https:\/\/www.europatrad.eu\/de\/audiovisuelle-uebersetzung\/\">Audiovisuelle \u00dcbersetzung<\/a><\/li><li class=\"elementor-sitemap-item elementor-sitemap-item-page page_item page-item-13542\"><a href=\"https:\/\/www.europatrad.eu\/de\/website-und-seo-uebersetzung\/seo-sea-uebersetzung\/\">SEO\/SEA-\u00dcbersetzung<\/a><\/li><li class=\"elementor-sitemap-item elementor-sitemap-item-page page_item page-item-13517\"><a href=\"https:\/\/www.europatrad.eu\/de\/website-und-seo-uebersetzung\/wp-website-uebersetzen-mehrsprachiges-wp\/\">WP-Website \u00fcbersetzen (mehrsprachiges WP)<\/a><\/li><li class=\"elementor-sitemap-item elementor-sitemap-item-page page_item page-item-13028\"><a href=\"https:\/\/www.europatrad.eu\/de\/website-und-seo-uebersetzung\/\">Website- und SEO-\u00dcbersetzung<\/a><\/li><li class=\"elementor-sitemap-item elementor-sitemap-item-page page_item page-item-13500\"><a href=\"https:\/\/www.europatrad.eu\/de\/mehrsprachige-uebersetzungen\/uebersetzung-von-datenblaettern\/\">\u00dcbersetzung von Datenbl\u00e4ttern<\/a><\/li><li class=\"elementor-sitemap-item elementor-sitemap-item-page page_item page-item-13484\"><a href=\"https:\/\/www.europatrad.eu\/de\/einzelhandel-uebersetzung\/uebersetzung-von-produktdatenblaettern\/\">\u00dcbersetzung von Produktdatenbl\u00e4ttern<\/a><\/li><li class=\"elementor-sitemap-item elementor-sitemap-item-page page_item page-item-13471\"><a href=\"https:\/\/www.europatrad.eu\/de\/mehrsprachige-uebersetzungen\/\">Mehrsprachige \u00dcbersetzungen<\/a><\/li><li class=\"elementor-sitemap-item elementor-sitemap-item-page page_item page-item-13547\"><a href=\"https:\/\/www.europatrad.eu\/de\/dokumentenuebersetzung\/\">Dokumenten\u00fcbersetzung<\/a><\/li><li class=\"elementor-sitemap-item elementor-sitemap-item-page page_item page-item-13088\"><a href=\"https:\/\/www.europatrad.eu\/de\/uebersetzungsloesungen\/redaktionelle-uebersetzung\/\">Redaktionelle \u00dcbersetzung<\/a><\/li><li class=\"elementor-sitemap-item elementor-sitemap-item-page page_item page-item-13074\"><a href=\"https:\/\/www.europatrad.eu\/de\/uebersetzungsloesungen\/premium-uebersetzung\/\">Premium-\u00dcbersetzung<\/a><\/li><li class=\"elementor-sitemap-item elementor-sitemap-item-page page_item page-item-13061\"><a href=\"https:\/\/www.europatrad.eu\/de\/uebersetzungsloesungen\/ueberpruefte-maschinelle-uebersetzung\/\">\u00dcberpr\u00fcfte maschinelle \u00dcbersetzung<\/a><\/li><li class=\"elementor-sitemap-item elementor-sitemap-item-page page_item page-item-13045\"><a href=\"https:\/\/www.europatrad.eu\/de\/uebersetzungsloesungen\/maschinelle-uebersetzungsplattform\/\">Maschinelle \u00dcbersetzungsplattform<\/a><\/li><li class=\"elementor-sitemap-item elementor-sitemap-item-page page_item page-item-13521\"><a href=\"https:\/\/www.europatrad.eu\/de\/einzelhandel-uebersetzung\/uebersetzungen-fuer-die-lebensmittelindustrie\/\">\u00dcbersetzungen f\u00fcr die Lebensmittelindustrie<\/a><\/li><li class=\"elementor-sitemap-item elementor-sitemap-item-page page_item page-item-13501\"><a href=\"https:\/\/www.europatrad.eu\/de\/einzelhandel-uebersetzung\/e-commerce-uebersetzung\/\">E-Commerce-\u00dcbersetzung<\/a><\/li><li class=\"elementor-sitemap-item elementor-sitemap-item-page page_item page-item-13485\"><a href=\"https:\/\/www.europatrad.eu\/de\/einzelhandel-uebersetzung\/\">Einzelhandel-\u00dcbersetzung<\/a><\/li><li class=\"elementor-sitemap-item elementor-sitemap-item-page page_item page-item-13472\"><a href=\"https:\/\/www.europatrad.eu\/de\/tourismusuebersetzungen\/gastronomieuebersetzung\/\">Gastronomie\u00fcbersetzung<\/a><\/li><li class=\"elementor-sitemap-item elementor-sitemap-item-page page_item page-item-13535\"><a href=\"https:\/\/www.europatrad.eu\/de\/tourismusuebersetzungen\/hotelgewerbe-uebersetzung\/\">Hotelgewerbe-\u00dcbersetzung<\/a><\/li><li class=\"elementor-sitemap-item elementor-sitemap-item-page page_item page-item-13514\"><a href=\"https:\/\/www.europatrad.eu\/de\/luxusuebersetzung\/modeuebersetzung\/\">Mode\u00fcbersetzung<\/a><\/li><li class=\"elementor-sitemap-item elementor-sitemap-item-page page_item page-item-13498\"><a href=\"https:\/\/www.europatrad.eu\/de\/luxusuebersetzung\/uebersetzung-uhrenbranche\/\">\u00dcbersetzung Uhrenbranche<\/a><\/li><li class=\"elementor-sitemap-item elementor-sitemap-item-page page_item page-item-13486\"><a href=\"https:\/\/www.europatrad.eu\/de\/luxusuebersetzung\/kosmetikuebersetzung\/\">Kosmetik\u00fcbersetzung<\/a><\/li><li class=\"elementor-sitemap-item elementor-sitemap-item-page page_item page-item-13473\"><a href=\"https:\/\/www.europatrad.eu\/de\/luxusuebersetzung\/\">Luxus\u00fcbersetzung<\/a><\/li><li class=\"elementor-sitemap-item elementor-sitemap-item-page page_item page-item-13026\"><a href=\"https:\/\/www.europatrad.eu\/de\/tourismusuebersetzungen\/\">Tourismus\u00fcbersetzungen<\/a><\/li><li class=\"elementor-sitemap-item elementor-sitemap-item-page page_item page-item-13532\"><a href=\"https:\/\/www.europatrad.eu\/de\/hr-uebersetzung\/\">\u00dcbersetzungen im Bereich Personalwesen und Rechtsvorschriften<\/a><\/li><li class=\"elementor-sitemap-item elementor-sitemap-item-page page_item page-item-13513\"><a href=\"https:\/\/www.europatrad.eu\/de\/kommunikations-und-marketinguebersetzung\/uebersetzung-von-werbung\/\">\u00dcbersetzung von Werbung<\/a><\/li><li class=\"elementor-sitemap-item elementor-sitemap-item-page page_item page-item-13497\"><a href=\"https:\/\/www.europatrad.eu\/de\/kommunikations-und-marketinguebersetzung\/uebersetzung-marktforschung\/\">\u00dcbersetzung Marktforschung<\/a><\/li><li class=\"elementor-sitemap-item elementor-sitemap-item-page page_item page-item-13480\"><a href=\"https:\/\/www.europatrad.eu\/de\/kommunikations-und-marketinguebersetzung\/\">Kommunikations- und Marketing\u00fcbersetzung<\/a><\/li><li class=\"elementor-sitemap-item elementor-sitemap-item-page page_item page-item-18811\"><a href=\"https:\/\/www.europatrad.eu\/de\/finanz-uebersetzung\/\">Finanz-\n\u00fcbersetzung<\/a><\/li><li class=\"elementor-sitemap-item elementor-sitemap-item-page page_item page-item-18767\"><a href=\"https:\/\/www.europatrad.eu\/de\/beglaubigte-rechtliche-uebersetzung\/\">Beglaubigte, rechtliche \u00dcbersetzung<\/a><\/li><li class=\"elementor-sitemap-item elementor-sitemap-item-page page_item page-item-13084\"><a href=\"https:\/\/www.europatrad.eu\/de\/technische-uebersetzung\/luftfahrtuebersetzungen\/\">Luftfahrt\u00fcbersetzungen<\/a><\/li><li class=\"elementor-sitemap-item elementor-sitemap-item-page page_item page-item-13071\"><a href=\"https:\/\/www.europatrad.eu\/de\/technische-uebersetzung\/engineering-und-bauwesen-uebersetzungen\/\">Engineering- und Bauwesen-\u00dcbersetzungen<\/a><\/li><li class=\"elementor-sitemap-item elementor-sitemap-item-page page_item page-item-13056\"><a href=\"https:\/\/www.europatrad.eu\/de\/technische-uebersetzung\/industrieuebersetzung\/\">Industrie\u00fcbersetzung<\/a><\/li><li class=\"elementor-sitemap-item elementor-sitemap-item-page page_item page-item-13035\"><a href=\"https:\/\/www.europatrad.eu\/de\/technische-uebersetzung\/\">Technische \u00dcbersetzung<\/a><\/li><li class=\"elementor-sitemap-item elementor-sitemap-item-page page_item page-item-13479\"><a href=\"https:\/\/www.europatrad.eu\/de\/sitemap\/\">Sitemap<\/a><\/li><li class=\"elementor-sitemap-item elementor-sitemap-item-page page_item page-item-13470\"><a href=\"https:\/\/www.europatrad.eu\/de\/impressum\/\">Impressum<\/a><\/li><li class=\"elementor-sitemap-item elementor-sitemap-item-page page_item page-item-13027\"><a href=\"https:\/\/www.europatrad.eu\/de\/kontakt-und-angebot\/\">Kontakt und Angebot<\/a><\/li><\/ul><\/div><div class=\"elementor-sitemap-section\"><h2 class=\"elementor-sitemap-title elementor-sitemap-category-title\">Ihre Kategorie<\/h2><ul class=\"elementor-sitemap-list elementor-sitemap-category-list\">\t<li class=\"elementor-sitemap-item elementor-sitemap-item-category cat-item cat-item-146\"><a href=\"https:\/\/www.europatrad.eu\/de\/blog-de\/\">Blog<\/a>\n<\/li>\n<\/ul><\/div><div class=\"elementor-sitemap-section\"><h2 class=\"elementor-sitemap-title elementor-sitemap-post-title\">Beitr\u00e4ge<\/h2><ul class=\"elementor-sitemap-list elementor-sitemap-post-list\"><li class=\"elementor-sitemap-item elementor-sitemap-item-post page_item page-item-13051\"><a href=\"https:\/\/www.europatrad.eu\/de\/wie-wird-eine-multiformat-uebersetzung-vorbereitet-und-ausgefuehrt\/\">Wie wird eine Multiformat-\u00dcbersetzung vorbereitet und ausgef\u00fchrt?<\/a><\/li><\/ul><\/div><\/div>\t\t\t\t<\/div>\n\t\t\t\t<\/div>\n\t\t\t\t\t<\/div>\n\t\t\t\t<\/div>\n\t\t\t\t<\/div>\n\t\t","protected":false},"excerpt":{"rendered":"<p>sitemap Hier finden Sie Ihre&nbsp;Seite Ihren&nbsp;Artikel Ihre&nbsp;Kategorie Ihr&nbsp;Gl\u00fcck<\/p>\n","protected":false},"author":11,"featured_media":0,"parent":0,"menu_order":0,"comment_status":"closed","ping_status":"closed","template":"","meta":{"_acf_changed":false,"inline_featured_image":false,"footnotes":""},"class_list":["post-13479","page","type-page","status-publish","hentry"],"acf":[],"yoast_head":"<!-- This site is optimized with the Yoast SEO plugin v27.3 - https:\/\/yoast.com\/product\/yoast-seo-wordpress\/ -->\n<title>Finden Sie alle Seiten mit unserer Sitemap! EuropaTrad<\/title>\n<meta name=\"description\" content=\"Suchen Sie eine bestimmte Seite oder einen bestimmten Artikel? Benutzen Sie unsere Sitemap als Hilfe und Wegweiser! Viel Vergn\u00fcgen beim Besuch\" \/>\n<meta name=\"robots\" content=\"index, follow, max-snippet:-1, max-image-preview:large, max-video-preview:-1\" \/>\n<link rel=\"canonical\" href=\"https:\/\/www.europatrad.eu\/de\/sitemap\/\" \/>\n<meta property=\"og:locale\" content=\"de_DE\" \/>\n<meta property=\"og:type\" content=\"article\" \/>\n<meta property=\"og:title\" content=\"Finden Sie alle Seiten mit unserer Sitemap! EuropaTrad\" \/>\n<meta property=\"og:description\" content=\"Suchen Sie eine bestimmte Seite oder einen bestimmten Artikel? Benutzen Sie unsere Sitemap als Hilfe und Wegweiser! Viel Vergn\u00fcgen beim Besuch\" \/>\n<meta property=\"og:url\" content=\"https:\/\/www.europatrad.eu\/de\/sitemap\/\" \/>\n<meta property=\"og:site_name\" content=\"EuropaTrad\" \/>\n<meta property=\"article:modified_time\" content=\"2026-04-10T14:30:28+00:00\" \/>\n<meta property=\"og:image\" content=\"https:\/\/www.europatrad.eu\/wp-content\/uploads\/2021\/05\/actublog5-hp.png\" \/>\n\t<meta property=\"og:image:width\" content=\"842\" \/>\n\t<meta property=\"og:image:height\" content=\"595\" \/>\n\t<meta property=\"og:image:type\" content=\"image\/png\" \/>\n<meta name=\"twitter:card\" content=\"summary_large_image\" \/>\n<!-- \/ Yoast SEO plugin. -->","yoast_head_json":{"title":"Finden Sie alle Seiten mit unserer Sitemap! EuropaTrad","description":"Suchen Sie eine bestimmte Seite oder einen bestimmten Artikel? Benutzen Sie unsere Sitemap als Hilfe und Wegweiser! Viel Vergn\u00fcgen beim Besuch","robots":{"index":"index","follow":"follow","max-snippet":"max-snippet:-1","max-image-preview":"max-image-preview:large","max-video-preview":"max-video-preview:-1"},"canonical":"https:\/\/www.europatrad.eu\/de\/sitemap\/","og_locale":"de_DE","og_type":"article","og_title":"Finden Sie alle Seiten mit unserer Sitemap! EuropaTrad","og_description":"Suchen Sie eine bestimmte Seite oder einen bestimmten Artikel? Benutzen Sie unsere Sitemap als Hilfe und Wegweiser! Viel Vergn\u00fcgen beim Besuch","og_url":"https:\/\/www.europatrad.eu\/de\/sitemap\/","og_site_name":"EuropaTrad","article_modified_time":"2026-04-10T14:30:28+00:00","og_image":[{"width":842,"height":595,"url":"https:\/\/www.europatrad.eu\/wp-content\/uploads\/2021\/05\/actublog5-hp.png","type":"image\/png"}],"twitter_card":"summary_large_image","schema":{"@context":"https:\/\/schema.org","@graph":[{"@type":["Article","BlogPosting"],"@id":"https:\/\/www.europatrad.eu\/de\/sitemap\/#article","isPartOf":{"@id":"https:\/\/www.europatrad.eu\/de\/sitemap\/"},"author":{"name":"Admin Admin","@id":"https:\/\/www.europatrad.eu\/de\/#\/schema\/person\/7069bbe5f86a44de807c9826dccb05af"},"headline":"Sitemap","datePublished":"2018-10-14T07:13:15+00:00","dateModified":"2026-04-10T14:30:28+00:00","mainEntityOfPage":{"@id":"https:\/\/www.europatrad.eu\/de\/sitemap\/"},"wordCount":18,"publisher":{"@id":"https:\/\/www.europatrad.eu\/de\/#organization"},"inLanguage":"de"},{"@type":"WebPage","@id":"https:\/\/www.europatrad.eu\/de\/sitemap\/","url":"https:\/\/www.europatrad.eu\/de\/sitemap\/","name":"Finden Sie alle Seiten mit unserer Sitemap! EuropaTrad","isPartOf":{"@id":"https:\/\/www.europatrad.eu\/de\/#website"},"datePublished":"2018-10-14T07:13:15+00:00","dateModified":"2026-04-10T14:30:28+00:00","description":"Suchen Sie eine bestimmte Seite oder einen bestimmten Artikel? Benutzen Sie unsere Sitemap als Hilfe und Wegweiser! Viel Vergn\u00fcgen beim Besuch","breadcrumb":{"@id":"https:\/\/www.europatrad.eu\/de\/sitemap\/#breadcrumb"},"inLanguage":"de","potentialAction":[{"@type":"ReadAction","target":["https:\/\/www.europatrad.eu\/de\/sitemap\/"]}]},{"@type":"BreadcrumbList","@id":"https:\/\/www.europatrad.eu\/de\/sitemap\/#breadcrumb","itemListElement":[{"@type":"ListItem","position":1,"name":"Home","item":"https:\/\/www.europatrad.eu\/de\/"},{"@type":"ListItem","position":2,"name":"Sitemap"}]},{"@type":"WebSite","@id":"https:\/\/www.europatrad.eu\/de\/#website","url":"https:\/\/www.europatrad.eu\/de\/","name":"EuropaTrad","description":"YOUR CONTENT. ALL LANGUAGES. ALL FORMATS.","publisher":{"@id":"https:\/\/www.europatrad.eu\/de\/#organization"},"potentialAction":[{"@type":"SearchAction","target":{"@type":"EntryPoint","urlTemplate":"https:\/\/www.europatrad.eu\/de\/?s={search_term_string}"},"query-input":{"@type":"PropertyValueSpecification","valueRequired":true,"valueName":"search_term_string"}}],"inLanguage":"de"},{"@type":"Organization","@id":"https:\/\/www.europatrad.eu\/de\/#organization","name":"EuropaTrad","url":"https:\/\/www.europatrad.eu\/de\/","logo":{"@type":"ImageObject","inLanguage":"de","@id":"https:\/\/www.europatrad.eu\/de\/#\/schema\/logo\/image\/","url":"https:\/\/www.europatrad.eu\/wp-content\/uploads\/2023\/03\/logoeuropatrad.svg","contentUrl":"https:\/\/www.europatrad.eu\/wp-content\/uploads\/2023\/03\/logoeuropatrad.svg","caption":"EuropaTrad"},"image":{"@id":"https:\/\/www.europatrad.eu\/de\/#\/schema\/logo\/image\/"},"sameAs":["https:\/\/www.linkedin.com\/company\/europatrad\/"]},{"@type":"Person","@id":"https:\/\/www.europatrad.eu\/de\/#\/schema\/person\/7069bbe5f86a44de807c9826dccb05af","name":"Admin Admin"}]}},"_links":{"self":[{"href":"https:\/\/www.europatrad.eu\/de\/wp-json\/wp\/v2\/pages\/13479","targetHints":{"allow":["GET"]}}],"collection":[{"href":"https:\/\/www.europatrad.eu\/de\/wp-json\/wp\/v2\/pages"}],"about":[{"href":"https:\/\/www.europatrad.eu\/de\/wp-json\/wp\/v2\/types\/page"}],"author":[{"embeddable":true,"href":"https:\/\/www.europatrad.eu\/de\/wp-json\/wp\/v2\/users\/11"}],"replies":[{"embeddable":true,"href":"https:\/\/www.europatrad.eu\/de\/wp-json\/wp\/v2\/comments?post=13479"}],"version-history":[{"count":2,"href":"https:\/\/www.europatrad.eu\/de\/wp-json\/wp\/v2\/pages\/13479\/revisions"}],"predecessor-version":[{"id":18836,"href":"https:\/\/www.europatrad.eu\/de\/wp-json\/wp\/v2\/pages\/13479\/revisions\/18836"}],"wp:attachment":[{"href":"https:\/\/www.europatrad.eu\/de\/wp-json\/wp\/v2\/media?parent=13479"}],"curies":[{"name":"wp","href":"https:\/\/api.w.org\/{rel}","templated":true}]}}