{"id":18100,"date":"2026-03-31T17:29:58","date_gmt":"2026-03-31T15:29:58","guid":{"rendered":"https:\/\/www.europatrad.eu\/?page_id=18100"},"modified":"2026-04-27T15:43:48","modified_gmt":"2026-04-27T13:43:48","slug":"zertifizierungen-verpflichtungen","status":"publish","type":"page","link":"https:\/\/www.europatrad.eu\/de\/zertifizierungen-verpflichtungen\/","title":{"rendered":"Zertifizierungen &amp; Verpflichtungen"},"content":{"rendered":"\t\t<div data-elementor-type=\"wp-page\" data-elementor-id=\"18100\" class=\"elementor elementor-18100 elementor-18099\" data-elementor-post-type=\"page\">\n\t\t\t\t<div class=\"elementor-element elementor-element-64f039c8 bg_gris5 e-flex e-con-boxed e-con e-parent\" data-id=\"64f039c8\" data-element_type=\"container\" data-e-type=\"container\">\n\t\t\t\t\t<div class=\"e-con-inner\">\n\t\t\t\t<div class=\"elementor-element elementor-element-47984c36 elementor-widget elementor-widget-breadcrumbs\" data-id=\"47984c36\" data-element_type=\"widget\" data-e-type=\"widget\" data-widget_type=\"breadcrumbs.default\">\n\t\t\t\t<div class=\"elementor-widget-container\">\n\t\t\t\t\t<p id=\"breadcrumbs\"><span><span><a href=\"https:\/\/www.europatrad.eu\/de\/\">Home<\/a><\/span><\/span><\/p>\t\t\t\t<\/div>\n\t\t\t\t<\/div>\n\t\t\t\t\t<\/div>\n\t\t\t\t<\/div>\n\t\t<div class=\"elementor-element elementor-element-82ef451 e-flex e-con-boxed e-con e-parent\" data-id=\"82ef451\" data-element_type=\"container\" data-e-type=\"container\">\n\t\t\t\t\t<div class=\"e-con-inner\">\n\t\t\t\t<div class=\"elementor-element elementor-element-f20bf37 elementor-widget elementor-widget-image\" data-id=\"f20bf37\" data-element_type=\"widget\" data-e-type=\"widget\" data-widget_type=\"image.default\">\n\t\t\t\t<div class=\"elementor-widget-container\">\n\t\t\t\t\t\t\t\t\t\t\t\t\t\t\t<img decoding=\"async\" src=\"https:\/\/www.europatrad.eu\/wp-content\/uploads\/elementor\/thumbs\/picto-3-qigaunl0av4pwoy4btu0y3a59tv6gzwss2jti7itrm.png\" title=\"picto-3\" alt=\"picto-3\" loading=\"lazy\" \/>\t\t\t\t\t\t\t\t\t\t\t\t\t\t\t<\/div>\n\t\t\t\t<\/div>\n\t\t\t\t<div class=\"elementor-element elementor-element-7248aec titre_2_1ligne elementor-widget elementor-widget-heading\" data-id=\"7248aec\" data-element_type=\"widget\" data-e-type=\"widget\" data-widget_type=\"heading.default\">\n\t\t\t\t<div class=\"elementor-widget-container\">\n\t\t\t\t\t<h1 class=\"elementor-heading-title elementor-size-default\">Zertifizierungen &amp; <span>Verpflichtungen<\/span><\/h1>\t\t\t\t<\/div>\n\t\t\t\t<\/div>\n\t\t\t\t<div class=\"elementor-element elementor-element-2eb9cb9 elementor-widget elementor-widget-text-editor\" data-id=\"2eb9cb9\" data-element_type=\"widget\" data-e-type=\"widget\" data-widget_type=\"text-editor.default\">\n\t\t\t\t<div class=\"elementor-widget-container\">\n\t\t\t\t\t\t\t\t\t<section class=\"hero\"><div class=\"hero-inner\"><p class=\"hero-intro\">Unsere Verpflichtungen sind keine Marketingversprechen. Das sind allt\u00e4gliche, nachpr\u00fcfbare Vorgehensweisen, die wir seit \u00fcber zwanzig Jahren anwenden.<\/p><\/div><\/section>\t\t\t\t\t\t\t\t<\/div>\n\t\t\t\t<\/div>\n\t\t\t\t\t<\/div>\n\t\t\t\t<\/div>\n\t\t<div class=\"elementor-element elementor-element-863fb7d e-flex e-con-boxed e-con e-parent\" data-id=\"863fb7d\" data-element_type=\"container\" data-e-type=\"container\" data-settings=\"{&quot;background_background&quot;:&quot;classic&quot;}\">\n\t\t\t\t\t<div class=\"e-con-inner\">\n\t\t\t\t<div class=\"elementor-element elementor-element-f283147 titre_medium_cap  elementor-widget elementor-widget-heading\" data-id=\"f283147\" data-element_type=\"widget\" data-e-type=\"widget\" data-widget_type=\"heading.default\">\n\t\t\t\t<div class=\"elementor-widget-container\">\n\t\t\t\t\t<h2 class=\"elementor-heading-title elementor-size-default\">Zertifizierte Qualit\u00e4t, nicht nur versprochen<\/h2>\t\t\t\t<\/div>\n\t\t\t\t<\/div>\n\t\t\t\t<div class=\"elementor-element elementor-element-5ce43dc elementor-widget elementor-widget-text-editor\" data-id=\"5ce43dc\" data-element_type=\"widget\" data-e-type=\"widget\" data-widget_type=\"text-editor.default\">\n\t\t\t\t<div class=\"elementor-widget-container\">\n\t\t\t\t\t\t\t\t\t<p>Unternehmen seit 2006 nach ISO&nbsp;9001 zertifiziert Das bedeutet, dass jedes Projekt nach dokumentierten und kontrollierten Abl\u00e4ufen abl\u00e4uft: Auswahl der \u00dcbersetzer, Korrekturlesen, Qualit\u00e4tskontrolle vor der Auslieferung, Bearbeitung von Kundenr\u00fcckmeldungen.<\/p><p>Diese Zertifizierung ist kein G\u00fctesiegel, das wir nur zur Beruhigung anbringen. In diesem Rahmen arbeiten wir Tag f\u00fcr Tag, wobei wir regelm\u00e4\u00dfig von einer unabh\u00e4ngigen Stelle gepr\u00fcft werden.  <strong>Sie spornt uns dazu an, unsere Arbeitsweise kontinuierlich zu verbessern und nicht nur beizubehalten.<\/strong><\/p>\t\t\t\t\t\t\t\t<\/div>\n\t\t\t\t<\/div>\n\t\t\t\t\t<\/div>\n\t\t\t\t<\/div>\n\t\t<div class=\"elementor-element elementor-element-52077d5 e-flex e-con-boxed e-con e-parent\" data-id=\"52077d5\" data-element_type=\"container\" data-e-type=\"container\" data-settings=\"{&quot;background_background&quot;:&quot;classic&quot;}\">\n\t\t\t\t\t<div class=\"e-con-inner\">\n\t\t\t\t<div class=\"elementor-element elementor-element-fd563e8 titre_medium_cap  elementor-widget elementor-widget-heading\" data-id=\"fd563e8\" data-element_type=\"widget\" data-e-type=\"widget\" data-widget_type=\"heading.default\">\n\t\t\t\t<div class=\"elementor-widget-container\">\n\t\t\t\t\t<h2 class=\"elementor-heading-title elementor-size-default\">Was Sie von uns erwarten k\u00f6nnen<\/h2>\t\t\t\t<\/div>\n\t\t\t\t<\/div>\n\t\t\t\t<div class=\"elementor-element elementor-element-f015277 elementor-widget elementor-widget-text-editor\" data-id=\"f015277\" data-element_type=\"widget\" data-e-type=\"widget\" data-widget_type=\"text-editor.default\">\n\t\t\t\t<div class=\"elementor-widget-container\">\n\t\t\t\t\t\t\t\t\t<p class=\"section-lead\">\u00dcber die Zertifizierung hinaus bestimmen drei konkrete Verpflichtungen unsere Arbeitsweise mit jedem einzelnen unserer Kunden.<\/p>\t\t\t\t\t\t\t\t<\/div>\n\t\t\t\t<\/div>\n\t\t\t\t<div class=\"elementor-element elementor-element-279a54e elementor-widget elementor-widget-html\" data-id=\"279a54e\" data-element_type=\"widget\" data-e-type=\"widget\" data-widget_type=\"html.default\">\n\t\t\t\t<div class=\"elementor-widget-container\">\n\t\t\t\t\t<div style=\"display:grid; grid-template-columns:repeat(3,1fr); gap:28px;\">\r\n\r\n  <div style=\"background:#ffffff; border-radius:8px; border:1px solid #E3E3E3; padding:36px 32px;\">\r\n    <div style=\"width:48px; height:48px; border-radius:8px; background:#E7420F; display:flex; align-items:center; justify-content:center; margin-bottom:20px;\">\r\n      <svg xmlns=\"http:\/\/www.w3.org\/2000\/svg\" width=\"24\" height=\"24\" viewbox=\"0 0 24 24\" fill=\"none\" stroke=\"#ffffff\" stroke-width=\"1.8\" stroke-linecap=\"round\" stroke-linejoin=\"round\">\r\n        <path d=\"M9 11l3 3L22 4\"\/>\r\n        <path d=\"M21 12v7a2 2 0 01-2 2H5a2 2 0 01-2-2V5a2 2 0 012-2h11\"\/>\r\n      <\/svg>\r\n    <\/div>\r\n    <div style=\"font-family:'Montserrat',Arial,sans-serif; font-weight:300; font-size:0.938rem; text-transform:uppercase; letter-spacing:0.06em; color:#000000; margin-bottom:12px;\">Qualit\u00e4t &amp; Prozesse<\/div>\r\n    <p style=\"font-family:'Montserrat',Arial,sans-serif; font-size:0.875rem; line-height:1.75; color:#000000; margin-bottom:12px;\">Die Qualit\u00e4t einer \u00dcbersetzung h\u00e4ngt nicht allein von den F\u00e4higkeiten des \u00dcbersetzers ab. Sie st\u00fctzt sich auf die sie umgebende Organisation: die sorgf\u00e4ltige Auswahl der Linguisten nach Fachgebieten, die \u00dcbersetzungsspeicher, die eine terminologische Konsistenz \u00fcber einen l\u00e4ngeren Zeitraum gew\u00e4hrleisten, sowie die in jedes Projekt integrierten Korrekturleseschritte.<\/p>\r\n    <p style=\"font-family:'Montserrat',Arial,sans-serif; font-size:0.875rem; line-height:1.75; color:#000000;\">Wir vertrauen Ihre Inhalte nicht irgendjemandem an. Jeder \u00dcbersetzer in unserem Netzwerk wird anhand seiner Branchenerfahrung ausgew\u00e4hlt und nach seinen ersten Auftr\u00e4gen bewertet, bevor er in unsere Teams aufgenommen wird.<\/p>\r\n  <\/div>\r\n\r\n  <div style=\"background:#ffffff; border-radius:8px; border:1px solid #E3E3E3; padding:36px 32px;\">\r\n    <div style=\"width:48px; height:48px; border-radius:8px; background:#E7420F; display:flex; align-items:center; justify-content:center; margin-bottom:20px;\">\r\n      <svg xmlns=\"http:\/\/www.w3.org\/2000\/svg\" width=\"24\" height=\"24\" viewbox=\"0 0 24 24\" fill=\"none\" stroke=\"#ffffff\" stroke-width=\"1.8\" stroke-linecap=\"round\" stroke-linejoin=\"round\">\r\n        <circle cx=\"12\" cy=\"12\" r=\"10\"\/>\r\n        <polyline points=\"12 6 12 12 16 14\"\/>\r\n      <\/svg>\r\n    <\/div>\r\n    <div style=\"font-family:'Montserrat',Arial,sans-serif; font-weight:300; font-size:0.938rem; text-transform:uppercase; letter-spacing:0.06em; color:#222222; margin-bottom:12px;\">Lieferzeiten &amp; Zuverl\u00e4ssigkeit<\/div>\r\n    <p style=\"font-family:'Montserrat',Arial,sans-serif; font-size:0.875rem; line-height:1.75; color:#000000; margin-bottom:12px;\">Die Einhaltung von Terminen ist bei EuropaTrad keine au\u00dfergew\u00f6hnliche Leistung. Das ist eine grundlegende Anforderung, die von Anfang an Teil unserer Organisation war.<\/p>\r\n    <p style=\"font-family:'Montserrat',Arial,sans-serif; font-size:0.875rem; line-height:1.75; color:#000000;\">Bei der Planung jedes Projekts ber\u00fccksichtigen wir die tats\u00e4chlichen Rahmenbedingungen: Umfang, Komplexit\u00e4t, beteiligte Sprachen und Verf\u00fcgbarkeit der \u00dcbersetzer. Sollte ein unvorhergesehenes Ereignis eintreten, werden Sie sofort informiert, ohne dass Sie auf den geplanten Liefertermin warten m\u00fcssen.<\/p>\r\n  <\/div>\r\n\r\n  <div style=\"background:#ffffff; border-radius:12px; border:1px solid #E3E3E3; padding:36px 32px;\">\r\n    <div style=\"width:48px; height:48px; border-radius:8px; background:#E7420F; display:flex; align-items:center; justify-content:center; margin-bottom:20px;\">\r\n      <svg xmlns=\"http:\/\/www.w3.org\/2000\/svg\" width=\"24\" height=\"24\" viewbox=\"0 0 24 24\" fill=\"none\" stroke=\"#ffffff\" stroke-width=\"1.8\" stroke-linecap=\"round\" stroke-linejoin=\"round\">\r\n        <path d=\"M12 22s8-4 8-10V5l-8-3-8 3v7c0 6 8 10 8 10z\"\/>\r\n      <\/svg>\r\n    <\/div>\r\n    <div style=\"font-family:'Montserrat',Arial,sans-serif; font-weight:300; font-size:0.938rem; text-transform:uppercase; letter-spacing:0.06em; color:#222222; margin-bottom:12px;\">Datenschutz &amp; DSGVO<\/div>\r\n    <p style=\"font-family:'Montserrat',Arial,sans-serif; font-size:0.875rem; line-height:1.75; color:#000000; margin-bottom:12px;\">Ihre Inhalte bleiben Ihre Inhalte. Wir verwenden diese Daten ausschlie\u00dflich zur Durchf\u00fchrung Ihres Projekts und geben sie nur an Personen weiter, die direkt an Ihrem Auftrag beteiligt sind.<\/p>\r\n    <p style=\"font-family:'Montserrat',Arial,sans-serif; font-size:0.875rem; line-height:1.75; color:#000000;\">Falls Ihre Organisation dies verlangt, schlie\u00dfen wir mit den an Ihren Projekten beteiligten \u00dcbersetzern Vertraulichkeitsvereinbarungen ab. Ihre Daten werden gem\u00e4\u00df der DSGVO auf unseren eigenen Servern in Europa gehostet.<\/p>\r\n  <\/div>\r\n\r\n<\/div>\t\t\t\t<\/div>\n\t\t\t\t<\/div>\n\t\t\t\t\t<\/div>\n\t\t\t\t<\/div>\n\t\t<div class=\"elementor-element elementor-element-372b7352 bg_blend_noir bg_noir e-flex e-con-boxed e-con e-parent\" data-id=\"372b7352\" data-element_type=\"container\" data-e-type=\"container\" data-settings=\"{&quot;background_background&quot;:&quot;classic&quot;}\">\n\t\t\t\t\t<div class=\"e-con-inner\">\n\t\t\t\t<div class=\"elementor-element elementor-element-545d937a titre_2 txt_blanc elementor-widget elementor-widget-heading\" data-id=\"545d937a\" data-element_type=\"widget\" data-e-type=\"widget\" data-widget_type=\"heading.default\">\n\t\t\t\t<div class=\"elementor-widget-container\">\n\t\t\t\t\t<h2 class=\"elementor-heading-title elementor-size-default\"><span>Haben Sie besondere W\u00fcnsche?\n<\/span><\/h2>\t\t\t\t<\/div>\n\t\t\t\t<\/div>\n\t\t<div class=\"elementor-element elementor-element-3f212c47 e-con-full e-flex e-con e-child\" data-id=\"3f212c47\" data-element_type=\"container\" data-e-type=\"container\">\n\t\t\t\t<div class=\"elementor-element elementor-element-26530b46 titre_sub txt_blanc elementor-widget elementor-widget-heading\" data-id=\"26530b46\" data-element_type=\"widget\" data-e-type=\"widget\" data-widget_type=\"heading.default\">\n\t\t\t\t<div class=\"elementor-widget-container\">\n\t\t\t\t\t<div class=\"elementor-heading-title elementor-size-default\">Haben Sie Fragen zu unseren Datenschutzpraktiken oder zu besonderen Datenschutzanforderungen?<\/div>\t\t\t\t<\/div>\n\t\t\t\t<\/div>\n\t\t\t\t<div class=\"elementor-element elementor-element-fd7c3a5 btn_color1 elementor-mobile_extra-align-center elementor-widget elementor-widget-button\" data-id=\"fd7c3a5\" data-element_type=\"widget\" data-e-type=\"widget\" data-widget_type=\"button.default\">\n\t\t\t\t<div class=\"elementor-widget-container\">\n\t\t\t\t\t\t\t\t\t<div class=\"elementor-button-wrapper\">\n\t\t\t\t\t<a class=\"elementor-button elementor-button-link elementor-size-sm\" href=\"https:\/\/www.europatrad.eu\/de\/kontakt-und-angebot\/\">\n\t\t\t\t\t\t<span class=\"elementor-button-content-wrapper\">\n\t\t\t\t\t\t\t\t\t<span class=\"elementor-button-text\">Uns kontaktieren<\/span>\n\t\t\t\t\t<\/span>\n\t\t\t\t\t<\/a>\n\t\t\t\t<\/div>\n\t\t\t\t\t\t\t\t<\/div>\n\t\t\t\t<\/div>\n\t\t\t\t<\/div>\n\t\t\t\t\t<\/div>\n\t\t\t\t<\/div>\n\t\t\t\t<\/div>\n\t\t","protected":false},"excerpt":{"rendered":"<p>Zertifizierungen &amp; Verpflichtungen Unsere Verpflichtungen sind keine Marketingversprechen. Das sind allt\u00e4gliche, nachpr\u00fcfbare Vorgehensweisen, die wir seit \u00fcber zwanzig Jahren anwenden. Zertifizierte Qualit\u00e4t, nicht nur versprochen Unternehmen seit 2006 nach ISO\u00a09001 zertifiziert Das bedeutet, dass jedes Projekt nach dokumentierten und kontrollierten Abl\u00e4ufen abl\u00e4uft: Auswahl der \u00dcbersetzer, Korrekturlesen, Qualit\u00e4tskontrolle vor der Auslieferung, Bearbeitung von Kundenr\u00fcckmeldungen. Diese Zertifizierung [&hellip;]<\/p>\n","protected":false},"author":13,"featured_media":0,"parent":0,"menu_order":0,"comment_status":"closed","ping_status":"closed","template":"","meta":{"_acf_changed":false,"inline_featured_image":false,"footnotes":""},"class_list":["post-18100","page","type-page","status-publish","hentry"],"acf":[],"yoast_head":"<!-- This site is optimized with the Yoast SEO plugin v27.3 - https:\/\/yoast.com\/product\/yoast-seo-wordpress\/ -->\n<title>Zertifizierungen &amp; Verpflichtungen \u2013 EuropaTrad<\/title>\n<meta name=\"description\" content=\"Wir sind seit 2006 nach ISO 9001 zertifiziert und wenden bei jedem Projekt strenge Prozesse an: Qualit\u00e4t, Termintreue und Datenschutz. Entdecken Sie unsere konkreten Verpflichtungen.\" \/>\n<meta name=\"robots\" content=\"index, follow, max-snippet:-1, max-image-preview:large, max-video-preview:-1\" \/>\n<link rel=\"canonical\" href=\"https:\/\/www.europatrad.eu\/de\/zertifizierungen-verpflichtungen\/\" \/>\n<meta property=\"og:locale\" content=\"de_DE\" \/>\n<meta property=\"og:type\" content=\"article\" \/>\n<meta property=\"og:title\" content=\"Zertifizierungen &amp; Verpflichtungen \u2013 EuropaTrad\" \/>\n<meta property=\"og:description\" content=\"Wir sind seit 2006 nach ISO 9001 zertifiziert und wenden bei jedem Projekt strenge Prozesse an: Qualit\u00e4t, Termintreue und Datenschutz. Entdecken Sie unsere konkreten Verpflichtungen.\" \/>\n<meta property=\"og:url\" content=\"https:\/\/www.europatrad.eu\/de\/zertifizierungen-verpflichtungen\/\" \/>\n<meta property=\"og:site_name\" content=\"EuropaTrad\" \/>\n<meta property=\"article:modified_time\" content=\"2026-04-27T13:43:48+00:00\" \/>\n<meta property=\"og:image\" content=\"https:\/\/www.europatrad.eu\/wp-content\/uploads\/elementor\/thumbs\/picto-3-qigaunl0av4pwoy4btu0y3a59tv6gzwss2jti7itrm.png\" \/>\n<meta name=\"twitter:card\" content=\"summary_large_image\" \/>\n<meta name=\"twitter:label1\" content=\"Gesch\u00e4tzte Lesezeit\" \/>\n\t<meta name=\"twitter:data1\" content=\"2\u00a0Minuten\" \/>\n<!-- \/ Yoast SEO plugin. -->","yoast_head_json":{"title":"Zertifizierungen & Verpflichtungen \u2013 EuropaTrad","description":"Wir sind seit 2006 nach ISO 9001 zertifiziert und wenden bei jedem Projekt strenge Prozesse an: Qualit\u00e4t, Termintreue und Datenschutz. Entdecken Sie unsere konkreten Verpflichtungen.","robots":{"index":"index","follow":"follow","max-snippet":"max-snippet:-1","max-image-preview":"max-image-preview:large","max-video-preview":"max-video-preview:-1"},"canonical":"https:\/\/www.europatrad.eu\/de\/zertifizierungen-verpflichtungen\/","og_locale":"de_DE","og_type":"article","og_title":"Zertifizierungen & Verpflichtungen \u2013 EuropaTrad","og_description":"Wir sind seit 2006 nach ISO 9001 zertifiziert und wenden bei jedem Projekt strenge Prozesse an: Qualit\u00e4t, Termintreue und Datenschutz. Entdecken Sie unsere konkreten Verpflichtungen.","og_url":"https:\/\/www.europatrad.eu\/de\/zertifizierungen-verpflichtungen\/","og_site_name":"EuropaTrad","article_modified_time":"2026-04-27T13:43:48+00:00","og_image":[{"url":"https:\/\/www.europatrad.eu\/wp-content\/uploads\/elementor\/thumbs\/picto-3-qigaunl0av4pwoy4btu0y3a59tv6gzwss2jti7itrm.png","type":"","width":"","height":""}],"twitter_card":"summary_large_image","twitter_misc":{"Gesch\u00e4tzte Lesezeit":"2\u00a0Minuten"},"schema":{"@context":"https:\/\/schema.org","@graph":[{"@type":["Article","BlogPosting"],"@id":"https:\/\/www.europatrad.eu\/de\/zertifizierungen-verpflichtungen\/#article","isPartOf":{"@id":"https:\/\/www.europatrad.eu\/de\/zertifizierungen-verpflichtungen\/"},"author":{"name":"Gabriel Rochon","@id":"https:\/\/www.europatrad.eu\/de\/#\/schema\/person\/cf8160fb6d0e1403648203aaabe5d860"},"headline":"Zertifizierungen &amp; Verpflichtungen","datePublished":"2026-03-31T15:29:58+00:00","dateModified":"2026-04-27T13:43:48+00:00","mainEntityOfPage":{"@id":"https:\/\/www.europatrad.eu\/de\/zertifizierungen-verpflichtungen\/"},"wordCount":370,"publisher":{"@id":"https:\/\/www.europatrad.eu\/de\/#organization"},"image":{"@id":"https:\/\/www.europatrad.eu\/de\/zertifizierungen-verpflichtungen\/#primaryimage"},"thumbnailUrl":"https:\/\/www.europatrad.eu\/wp-content\/uploads\/elementor\/thumbs\/picto-3-qigaunl0av4pwoy4btu0y3a59tv6gzwss2jti7itrm.png","inLanguage":"de"},{"@type":"WebPage","@id":"https:\/\/www.europatrad.eu\/de\/zertifizierungen-verpflichtungen\/","url":"https:\/\/www.europatrad.eu\/de\/zertifizierungen-verpflichtungen\/","name":"Zertifizierungen & Verpflichtungen \u2013 EuropaTrad","isPartOf":{"@id":"https:\/\/www.europatrad.eu\/de\/#website"},"primaryImageOfPage":{"@id":"https:\/\/www.europatrad.eu\/de\/zertifizierungen-verpflichtungen\/#primaryimage"},"image":{"@id":"https:\/\/www.europatrad.eu\/de\/zertifizierungen-verpflichtungen\/#primaryimage"},"thumbnailUrl":"https:\/\/www.europatrad.eu\/wp-content\/uploads\/elementor\/thumbs\/picto-3-qigaunl0av4pwoy4btu0y3a59tv6gzwss2jti7itrm.png","datePublished":"2026-03-31T15:29:58+00:00","dateModified":"2026-04-27T13:43:48+00:00","description":"Wir sind seit 2006 nach ISO 9001 zertifiziert und wenden bei jedem Projekt strenge Prozesse an: Qualit\u00e4t, Termintreue und Datenschutz. Entdecken Sie unsere konkreten Verpflichtungen.","breadcrumb":{"@id":"https:\/\/www.europatrad.eu\/de\/zertifizierungen-verpflichtungen\/#breadcrumb"},"inLanguage":"de","potentialAction":[{"@type":"ReadAction","target":["https:\/\/www.europatrad.eu\/de\/zertifizierungen-verpflichtungen\/"]}]},{"@type":"ImageObject","inLanguage":"de","@id":"https:\/\/www.europatrad.eu\/de\/zertifizierungen-verpflichtungen\/#primaryimage","url":"https:\/\/www.europatrad.eu\/wp-content\/uploads\/elementor\/thumbs\/picto-3-qigaunl0av4pwoy4btu0y3a59tv6gzwss2jti7itrm.png","contentUrl":"https:\/\/www.europatrad.eu\/wp-content\/uploads\/elementor\/thumbs\/picto-3-qigaunl0av4pwoy4btu0y3a59tv6gzwss2jti7itrm.png"},{"@type":"BreadcrumbList","@id":"https:\/\/www.europatrad.eu\/de\/zertifizierungen-verpflichtungen\/#breadcrumb","itemListElement":[{"@type":"ListItem","position":1,"name":"Home","item":"https:\/\/www.europatrad.eu\/de\/"},{"@type":"ListItem","position":2,"name":"Zertifizierungen &amp; Verpflichtungen"}]},{"@type":"WebSite","@id":"https:\/\/www.europatrad.eu\/de\/#website","url":"https:\/\/www.europatrad.eu\/de\/","name":"EuropaTrad","description":"YOUR CONTENT. ALL LANGUAGES. ALL FORMATS.","publisher":{"@id":"https:\/\/www.europatrad.eu\/de\/#organization"},"potentialAction":[{"@type":"SearchAction","target":{"@type":"EntryPoint","urlTemplate":"https:\/\/www.europatrad.eu\/de\/?s={search_term_string}"},"query-input":{"@type":"PropertyValueSpecification","valueRequired":true,"valueName":"search_term_string"}}],"inLanguage":"de"},{"@type":"Organization","@id":"https:\/\/www.europatrad.eu\/de\/#organization","name":"EuropaTrad","url":"https:\/\/www.europatrad.eu\/de\/","logo":{"@type":"ImageObject","inLanguage":"de","@id":"https:\/\/www.europatrad.eu\/de\/#\/schema\/logo\/image\/","url":"https:\/\/www.europatrad.eu\/wp-content\/uploads\/2023\/03\/logoeuropatrad.svg","contentUrl":"https:\/\/www.europatrad.eu\/wp-content\/uploads\/2023\/03\/logoeuropatrad.svg","width":"1920","height":"1080","caption":"EuropaTrad"},"image":{"@id":"https:\/\/www.europatrad.eu\/de\/#\/schema\/logo\/image\/"},"sameAs":["https:\/\/www.linkedin.com\/company\/europatrad\/"]},{"@type":"Person","@id":"https:\/\/www.europatrad.eu\/de\/#\/schema\/person\/cf8160fb6d0e1403648203aaabe5d860","name":"Gabriel Rochon"}]}},"_links":{"self":[{"href":"https:\/\/www.europatrad.eu\/de\/wp-json\/wp\/v2\/pages\/18100","targetHints":{"allow":["GET"]}}],"collection":[{"href":"https:\/\/www.europatrad.eu\/de\/wp-json\/wp\/v2\/pages"}],"about":[{"href":"https:\/\/www.europatrad.eu\/de\/wp-json\/wp\/v2\/types\/page"}],"author":[{"embeddable":true,"href":"https:\/\/www.europatrad.eu\/de\/wp-json\/wp\/v2\/users\/13"}],"replies":[{"embeddable":true,"href":"https:\/\/www.europatrad.eu\/de\/wp-json\/wp\/v2\/comments?post=18100"}],"version-history":[{"count":3,"href":"https:\/\/www.europatrad.eu\/de\/wp-json\/wp\/v2\/pages\/18100\/revisions"}],"predecessor-version":[{"id":18983,"href":"https:\/\/www.europatrad.eu\/de\/wp-json\/wp\/v2\/pages\/18100\/revisions\/18983"}],"wp:attachment":[{"href":"https:\/\/www.europatrad.eu\/de\/wp-json\/wp\/v2\/media?parent=18100"}],"curies":[{"name":"wp","href":"https:\/\/api.w.org\/{rel}","templated":true}]}}