{"id":18690,"date":"2026-04-10T11:15:31","date_gmt":"2026-04-10T09:15:31","guid":{"rendered":"https:\/\/www.europatrad.eu\/angebot-einholen\/"},"modified":"2026-04-10T16:29:49","modified_gmt":"2026-04-10T14:29:49","slug":"angebot-einholen","status":"publish","type":"page","link":"https:\/\/www.europatrad.eu\/de\/angebot-einholen\/","title":{"rendered":"Angebot einholen"},"content":{"rendered":"\t\t<div data-elementor-type=\"wp-page\" data-elementor-id=\"18690\" class=\"elementor elementor-18690 elementor-18605\" data-elementor-post-type=\"page\">\n\t\t\t\t<div class=\"elementor-element elementor-element-b0045e1 bg_gris5 e-flex e-con-boxed e-con e-parent\" data-id=\"b0045e1\" data-element_type=\"container\" data-e-type=\"container\">\n\t\t\t\t\t<div class=\"e-con-inner\">\n\t\t\t\t<div class=\"elementor-element elementor-element-0d5a499 elementor-widget elementor-widget-breadcrumbs\" data-id=\"0d5a499\" data-element_type=\"widget\" data-e-type=\"widget\" data-widget_type=\"breadcrumbs.default\">\n\t\t\t\t<div class=\"elementor-widget-container\">\n\t\t\t\t\t<p id=\"breadcrumbs\"><span><span><a href=\"https:\/\/www.europatrad.eu\/de\/\">Home<\/a><\/span><\/span><\/p>\t\t\t\t<\/div>\n\t\t\t\t<\/div>\n\t\t\t\t\t<\/div>\n\t\t\t\t<\/div>\n\t\t<div class=\"elementor-element elementor-element-59b7a56 ban_inte_v2 e-flex e-con-boxed e-con e-parent\" data-id=\"59b7a56\" data-element_type=\"container\" data-e-type=\"container\" data-settings=\"{&quot;background_background&quot;:&quot;classic&quot;}\">\n\t\t\t\t\t<div class=\"e-con-inner\">\n\t\t\t\t<div class=\"elementor-element elementor-element-285fe5b ban_titre elementor-widget elementor-widget-heading\" data-id=\"285fe5b\" data-element_type=\"widget\" data-e-type=\"widget\" data-widget_type=\"heading.default\">\n\t\t\t\t<div class=\"elementor-widget-container\">\n\t\t\t\t\t<h1 class=\"elementor-heading-title elementor-size-default\">Ihr mehrsprachiges Projekt verdient einen ma\u00dfgeschneiderten Kostenvoranschlag<\/h1>\t\t\t\t<\/div>\n\t\t\t\t<\/div>\n\t\t\t\t<div class=\"elementor-element elementor-element-fedbbb0 elementor-widget elementor-widget-text-editor\" data-id=\"fedbbb0\" data-element_type=\"widget\" data-e-type=\"widget\" data-widget_type=\"text-editor.default\">\n\t\t\t\t<div class=\"elementor-widget-container\">\n\t\t\t\t\t\t\t\t\t<p><span class=\"txt_color1\"><span class=\"txt_noir\">Jede Dienstleistung hat ihre eigenen Parameter: Sprachen, Format, Umfang, Frist, erforderliche Qualit\u00e4tsstufe.<\/span><\/span> <strong><span class=\"txt_color1\">Um Ihnen ein faires Angebot unterbreiten zu k\u00f6nnen, m\u00fcssen wir Ihr Projekt verstehen.<\/span><\/strong><\/p><p>W\u00e4hlen Sie das f\u00fcr Ihren Bedarf passende Formular aus: Wir melden uns innerhalb von 24 Werktagsstunden bei Ihnen.<\/p>\t\t\t\t\t\t\t\t<\/div>\n\t\t\t\t<\/div>\n\t\t\t\t<div class=\"elementor-element elementor-element-927d4cc elementor-widget elementor-widget-html\" data-id=\"927d4cc\" data-element_type=\"widget\" data-e-type=\"widget\" data-widget_type=\"html.default\">\n\t\t\t\t<div class=\"elementor-widget-container\">\n\t\t\t\t\t\r\n\r\n\r\n  <meta charset=\"UTF-8\"\/>\r\n  <meta name=\"viewport\" content=\"width=device-width, initial-scale=1.0\"\/>\r\n  <title>Tuiles devis \u2013 EuropaTrad<\/title>\r\n  <link rel=\"preconnect\" href=\"https:\/\/fonts.googleapis.com\"\/>\r\n  <link rel=\"preconnect\" href=\"https:\/\/fonts.gstatic.com\" crossorigin=\"\"\/>\r\n  <link href=\"https:\/\/fonts.googleapis.com\/css2?family=Montserrat:wght@600&amp;display=swap\" rel=\"stylesheet\"\/>\r\n  <style>\r\n    body {\r\n      margin: 0;\r\n      padding: 40px 20px;\r\n      background: #f4f4f4;\r\n      display: flex;\r\n      justify-content: center;\r\n    }\r\n    .et-dv4-row {\r\n      display: flex;\r\n      flex-wrap: wrap;\r\n      gap: 20px;\r\n      justify-content: center;\r\n      padding: 8px 0;\r\n    }\r\n    .et-dv4-card {\r\n      background: #ffffff;\r\n      border-radius: 4px;\r\n      padding: 2.5rem 1.5rem;\r\n      width: 180px;\r\n      max-width: 180px;\r\n      min-width: 180px;\r\n      height: 180px;\r\n      display: flex;\r\n      flex-direction: column;\r\n      align-items: center;\r\n      justify-content: space-between;\r\n      box-shadow: 0 10px 30px rgba(0,0,0,0.06);\r\n      transition: transform 0.3s ease, box-shadow 0.3s ease;\r\n      text-align: center;\r\n      box-sizing: border-box;\r\n      text-decoration: none;\r\n    }\r\n    .et-dv4-card:hover {\r\n      transform: scale(1.03);\r\n      box-shadow: 0 18px 45px rgba(0,0,0,0.18);\r\n    }\r\n    .et-dv4-icon {\r\n      display: flex;\r\n      justify-content: center;\r\n      align-items: center;\r\n      height: 80px;\r\n    }\r\n    .et-dv4-icon svg {\r\n      height: 64px;\r\n      width: auto;\r\n    }\r\n    .et-dv4-title {\r\n      font-family: 'Montserrat', sans-serif;\r\n      font-size: 13px;\r\n      font-weight: 600;\r\n      color: #e7420f;\r\n      margin: 0;\r\n      padding-bottom: 0.5rem;\r\n      line-height: 1.3;\r\n    }\r\n  <\/style>\r\n\r\n<body>\r\n\r\n  <div class=\"et-dv4-row\">\r\n\r\n    <a class=\"et-dv4-card\" href=\"https:\/\/www.europatrad.eu\/de\/uebersetzungsangebot\/\">\r\n      <div class=\"et-dv4-icon\">\r\n        <svg viewbox=\"0 0 64 64\" fill=\"none\" xmlns=\"http:\/\/www.w3.org\/2000\/svg\">\r\n          <rect x=\"6\" y=\"6\" width=\"32\" height=\"42\" rx=\"3\" stroke=\"#222222\" stroke-width=\"2.5\"\/>\r\n          <line x1=\"14\" y1=\"18\" x2=\"30\" y2=\"18\" stroke=\"#222222\" stroke-width=\"2.5\" stroke-linecap=\"round\"\/>\r\n          <line x1=\"14\" y1=\"26\" x2=\"30\" y2=\"26\" stroke=\"#222222\" stroke-width=\"2.5\" stroke-linecap=\"round\"\/>\r\n          <line x1=\"14\" y1=\"34\" x2=\"23\" y2=\"34\" stroke=\"#222222\" stroke-width=\"2.5\" stroke-linecap=\"round\"\/>\r\n          <circle cx=\"48\" cy=\"46\" r=\"12\" fill=\"#E7420F\"\/>\r\n          <path d=\"M43 46h10M48 41v10\" stroke=\"white\" stroke-width=\"2.5\" stroke-linecap=\"round\"\/>\r\n        <\/svg>\r\n      <\/div>\r\n      <p class=\"et-dv4-title\">Traduction professionnelle<\/p>\r\n    <\/a>\r\n\r\n    <a class=\"et-dv4-card\" href=\"https:\/\/www.europatrad.eu\/de\/dolmetschangebot\/\">\r\n      <div class=\"et-dv4-icon\">\r\n        <svg viewbox=\"0 0 64 64\" fill=\"none\" xmlns=\"http:\/\/www.w3.org\/2000\/svg\">\r\n          <circle cx=\"22\" cy=\"18\" r=\"9\" stroke=\"#222222\" stroke-width=\"2.5\"\/>\r\n          <path d=\"M6 52c0-8.8 7.2-16 16-16s16 7.2 16 16\" stroke=\"#222222\" stroke-width=\"2.5\" stroke-linecap=\"round\"\/>\r\n          <path d=\"M42 22c2.5 1.8 4 4.8 4 8s-1.5 6.2-4 8\" stroke=\"#E7420F\" stroke-width=\"2.5\" stroke-linecap=\"round\"\/>\r\n          <path d=\"M48 16c4 2.8 6.5 7.5 6.5 12s-2.5 9.2-6.5 12\" stroke=\"#E7420F\" stroke-width=\"2.5\" stroke-linecap=\"round\"\/>\r\n        <\/svg>\r\n      <\/div>\r\n      <p class=\"et-dv4-title\">Interpr\u00e9tariat<\/p>\r\n    <\/a>\r\n\r\n    <a class=\"et-dv4-card\" href=\"https:\/\/www.europatrad.eu\/de\/website-angebot\/\">\r\n      <div class=\"et-dv4-icon\">\r\n        <svg viewbox=\"0 0 64 64\" fill=\"none\" xmlns=\"http:\/\/www.w3.org\/2000\/svg\">\r\n          <rect x=\"4\" y=\"8\" width=\"56\" height=\"36\" rx=\"3\" stroke=\"#222222\" stroke-width=\"2.5\"\/>\r\n          <line x1=\"4\" y1=\"20\" x2=\"60\" y2=\"20\" stroke=\"#222222\" stroke-width=\"2\"\/>\r\n          <circle cx=\"12\" cy=\"14\" r=\"2.5\" fill=\"#222222\"\/>\r\n          <circle cx=\"20\" cy=\"14\" r=\"2.5\" fill=\"#222222\"\/>\r\n          <circle cx=\"28\" cy=\"14\" r=\"2.5\" fill=\"#222222\"\/>\r\n          <line x1=\"16\" y1=\"32\" x2=\"48\" y2=\"32\" stroke=\"#E7420F\" stroke-width=\"2.5\" stroke-linecap=\"round\"\/>\r\n          <line x1=\"32\" y1=\"44\" x2=\"32\" y2=\"54\" stroke=\"#222222\" stroke-width=\"2.5\"\/>\r\n          <line x1=\"20\" y1=\"54\" x2=\"44\" y2=\"54\" stroke=\"#222222\" stroke-width=\"2.5\" stroke-linecap=\"round\"\/>\r\n        <\/svg>\r\n      <\/div>\r\n      <p class=\"et-dv4-title\">Traduction de site web<\/p>\r\n    <\/a>\r\n\r\n    <a class=\"et-dv4-card\" href=\"https:\/\/www.europatrad.eu\/de\/untertitelungsangebot-synchronisation\/\">\r\n      <div class=\"et-dv4-icon\">\r\n        <svg viewbox=\"0 0 64 64\" fill=\"none\" xmlns=\"http:\/\/www.w3.org\/2000\/svg\">\r\n          <rect x=\"4\" y=\"8\" width=\"56\" height=\"36\" rx=\"3\" stroke=\"#222222\" stroke-width=\"2.5\"\/>\r\n          <path d=\"M26 20l16 8-16 8V20z\" fill=\"#E7420F\"\/>\r\n          <rect x=\"4\" y=\"48\" width=\"56\" height=\"10\" rx=\"2\" fill=\"#222222\" opacity=\"0.08\"\/>\r\n          <line x1=\"9\" y1=\"53\" x2=\"27\" y2=\"53\" stroke=\"#222222\" stroke-width=\"2\" stroke-linecap=\"round\"\/>\r\n          <line x1=\"37\" y1=\"53\" x2=\"55\" y2=\"53\" stroke=\"#222222\" stroke-width=\"2\" stroke-linecap=\"round\"\/>\r\n        <\/svg>\r\n      <\/div>\r\n      <p class=\"et-dv4-title\">Sous-titrage et doublage<\/p>\r\n    <\/a>\r\n\r\n  <\/div>\r\n\r\n<\/body>\r\n\t\t\t\t<\/div>\n\t\t\t\t<\/div>\n\t\t\t\t\t<\/div>\n\t\t\t\t<\/div>\n\t\t\t\t<\/div>\n\t\t","protected":false},"excerpt":{"rendered":"<p>Ihr mehrsprachiges Projekt verdient einen ma\u00dfgeschneiderten Kostenvoranschlag Jede Dienstleistung hat ihre eigenen Parameter: Sprachen, Format, Umfang, Frist, erforderliche Qualit\u00e4tsstufe. Um Ihnen ein faires Angebot unterbreiten zu k\u00f6nnen, m\u00fcssen wir Ihr Projekt verstehen. W\u00e4hlen Sie das f\u00fcr Ihren Bedarf passende Formular aus: Wir melden uns innerhalb von 24 Werktagsstunden bei Ihnen. Tuiles devis \u2013 EuropaTrad Traduction [&hellip;]<\/p>\n","protected":false},"author":13,"featured_media":0,"parent":0,"menu_order":0,"comment_status":"closed","ping_status":"closed","template":"","meta":{"_acf_changed":false,"inline_featured_image":false,"footnotes":""},"class_list":["post-18690","page","type-page","status-publish","hentry"],"acf":[],"yoast_head":"<!-- This site is optimized with the Yoast SEO plugin v27.3 - https:\/\/yoast.com\/product\/yoast-seo-wordpress\/ -->\n<title>Angebot einholen - EuropaTrad<\/title>\n<meta name=\"description\" content=\"Fordern Sie einen Kostenvoranschlag f\u00fcr Ihre \u00dcbersetzungs-, Dolmetsch-, Untertitelungs- oder Website-\u00dcbersetzungsprojekte an. Antwort innerhalb von 24 Arbeitsstunden.\" \/>\n<meta name=\"robots\" content=\"index, follow, max-snippet:-1, max-image-preview:large, max-video-preview:-1\" \/>\n<link rel=\"canonical\" href=\"https:\/\/www.europatrad.eu\/de\/angebot-einholen\/\" \/>\n<meta property=\"og:locale\" content=\"de_DE\" \/>\n<meta property=\"og:type\" content=\"article\" \/>\n<meta property=\"og:title\" content=\"Angebot einholen - EuropaTrad\" \/>\n<meta property=\"og:description\" content=\"Fordern Sie einen Kostenvoranschlag f\u00fcr Ihre \u00dcbersetzungs-, Dolmetsch-, Untertitelungs- oder Website-\u00dcbersetzungsprojekte an. Antwort innerhalb von 24 Arbeitsstunden.\" \/>\n<meta property=\"og:url\" content=\"https:\/\/www.europatrad.eu\/de\/angebot-einholen\/\" \/>\n<meta property=\"og:site_name\" content=\"EuropaTrad\" \/>\n<meta property=\"article:modified_time\" content=\"2026-04-10T14:29:49+00:00\" \/>\n<meta property=\"og:image\" content=\"https:\/\/www.europatrad.eu\/wp-content\/uploads\/2021\/05\/actublog5-hp.png\" \/>\n\t<meta property=\"og:image:width\" content=\"842\" \/>\n\t<meta property=\"og:image:height\" content=\"595\" \/>\n\t<meta property=\"og:image:type\" content=\"image\/png\" \/>\n<meta name=\"twitter:card\" content=\"summary_large_image\" \/>\n<!-- \/ Yoast SEO plugin. -->","yoast_head_json":{"title":"Angebot einholen - EuropaTrad","description":"Fordern Sie einen Kostenvoranschlag f\u00fcr Ihre \u00dcbersetzungs-, Dolmetsch-, Untertitelungs- oder Website-\u00dcbersetzungsprojekte an. Antwort innerhalb von 24 Arbeitsstunden.","robots":{"index":"index","follow":"follow","max-snippet":"max-snippet:-1","max-image-preview":"max-image-preview:large","max-video-preview":"max-video-preview:-1"},"canonical":"https:\/\/www.europatrad.eu\/de\/angebot-einholen\/","og_locale":"de_DE","og_type":"article","og_title":"Angebot einholen - EuropaTrad","og_description":"Fordern Sie einen Kostenvoranschlag f\u00fcr Ihre \u00dcbersetzungs-, Dolmetsch-, Untertitelungs- oder Website-\u00dcbersetzungsprojekte an. Antwort innerhalb von 24 Arbeitsstunden.","og_url":"https:\/\/www.europatrad.eu\/de\/angebot-einholen\/","og_site_name":"EuropaTrad","article_modified_time":"2026-04-10T14:29:49+00:00","og_image":[{"width":842,"height":595,"url":"https:\/\/www.europatrad.eu\/wp-content\/uploads\/2021\/05\/actublog5-hp.png","type":"image\/png"}],"twitter_card":"summary_large_image","schema":{"@context":"https:\/\/schema.org","@graph":[{"@type":["Article","BlogPosting"],"@id":"https:\/\/www.europatrad.eu\/de\/angebot-einholen\/#article","isPartOf":{"@id":"https:\/\/www.europatrad.eu\/de\/angebot-einholen\/"},"author":{"name":"Gabriel Rochon","@id":"https:\/\/www.europatrad.eu\/de\/#\/schema\/person\/cf8160fb6d0e1403648203aaabe5d860"},"headline":"Angebot einholen","datePublished":"2026-04-10T09:15:31+00:00","dateModified":"2026-04-10T14:29:49+00:00","mainEntityOfPage":{"@id":"https:\/\/www.europatrad.eu\/de\/angebot-einholen\/"},"wordCount":71,"publisher":{"@id":"https:\/\/www.europatrad.eu\/de\/#organization"},"inLanguage":"de"},{"@type":"WebPage","@id":"https:\/\/www.europatrad.eu\/de\/angebot-einholen\/","url":"https:\/\/www.europatrad.eu\/de\/angebot-einholen\/","name":"Angebot einholen - EuropaTrad","isPartOf":{"@id":"https:\/\/www.europatrad.eu\/de\/#website"},"datePublished":"2026-04-10T09:15:31+00:00","dateModified":"2026-04-10T14:29:49+00:00","description":"Fordern Sie einen Kostenvoranschlag f\u00fcr Ihre \u00dcbersetzungs-, Dolmetsch-, Untertitelungs- oder Website-\u00dcbersetzungsprojekte an. Antwort innerhalb von 24 Arbeitsstunden.","breadcrumb":{"@id":"https:\/\/www.europatrad.eu\/de\/angebot-einholen\/#breadcrumb"},"inLanguage":"de","potentialAction":[{"@type":"ReadAction","target":["https:\/\/www.europatrad.eu\/de\/angebot-einholen\/"]}]},{"@type":"BreadcrumbList","@id":"https:\/\/www.europatrad.eu\/de\/angebot-einholen\/#breadcrumb","itemListElement":[{"@type":"ListItem","position":1,"name":"Home","item":"https:\/\/www.europatrad.eu\/de\/"},{"@type":"ListItem","position":2,"name":"Angebot einholen"}]},{"@type":"WebSite","@id":"https:\/\/www.europatrad.eu\/de\/#website","url":"https:\/\/www.europatrad.eu\/de\/","name":"EuropaTrad","description":"YOUR CONTENT. ALL LANGUAGES. ALL FORMATS.","publisher":{"@id":"https:\/\/www.europatrad.eu\/de\/#organization"},"potentialAction":[{"@type":"SearchAction","target":{"@type":"EntryPoint","urlTemplate":"https:\/\/www.europatrad.eu\/de\/?s={search_term_string}"},"query-input":{"@type":"PropertyValueSpecification","valueRequired":true,"valueName":"search_term_string"}}],"inLanguage":"de"},{"@type":"Organization","@id":"https:\/\/www.europatrad.eu\/de\/#organization","name":"EuropaTrad","url":"https:\/\/www.europatrad.eu\/de\/","logo":{"@type":"ImageObject","inLanguage":"de","@id":"https:\/\/www.europatrad.eu\/de\/#\/schema\/logo\/image\/","url":"https:\/\/www.europatrad.eu\/wp-content\/uploads\/2023\/03\/logoeuropatrad.svg","contentUrl":"https:\/\/www.europatrad.eu\/wp-content\/uploads\/2023\/03\/logoeuropatrad.svg","caption":"EuropaTrad"},"image":{"@id":"https:\/\/www.europatrad.eu\/de\/#\/schema\/logo\/image\/"},"sameAs":["https:\/\/www.linkedin.com\/company\/europatrad\/"]},{"@type":"Person","@id":"https:\/\/www.europatrad.eu\/de\/#\/schema\/person\/cf8160fb6d0e1403648203aaabe5d860","name":"Gabriel Rochon"}]}},"_links":{"self":[{"href":"https:\/\/www.europatrad.eu\/de\/wp-json\/wp\/v2\/pages\/18690","targetHints":{"allow":["GET"]}}],"collection":[{"href":"https:\/\/www.europatrad.eu\/de\/wp-json\/wp\/v2\/pages"}],"about":[{"href":"https:\/\/www.europatrad.eu\/de\/wp-json\/wp\/v2\/types\/page"}],"author":[{"embeddable":true,"href":"https:\/\/www.europatrad.eu\/de\/wp-json\/wp\/v2\/users\/13"}],"replies":[{"embeddable":true,"href":"https:\/\/www.europatrad.eu\/de\/wp-json\/wp\/v2\/comments?post=18690"}],"version-history":[{"count":1,"href":"https:\/\/www.europatrad.eu\/de\/wp-json\/wp\/v2\/pages\/18690\/revisions"}],"predecessor-version":[{"id":18698,"href":"https:\/\/www.europatrad.eu\/de\/wp-json\/wp\/v2\/pages\/18690\/revisions\/18698"}],"wp:attachment":[{"href":"https:\/\/www.europatrad.eu\/de\/wp-json\/wp\/v2\/media?parent=18690"}],"curies":[{"name":"wp","href":"https:\/\/api.w.org\/{rel}","templated":true}]}}